{"id":3600,"date":"2016-09-07T10:19:05","date_gmt":"2016-09-07T10:19:05","guid":{"rendered":"http:\/\/apicona-advanced-data.thememount.com\/?page_id=3600"},"modified":"2026-01-12T19:05:17","modified_gmt":"2026-01-12T19:05:17","slug":"about","status":"publish","type":"page","link":"https:\/\/www.hotech360.com\/tr\/about\/","title":{"rendered":"Hakk\u0131m\u0131zda"},"content":{"rendered":"<p>[vc_row full_width=&#8221;stretch_row&#8221; bgtype=&#8221;grey&#8221; css=&#8221;.vc_custom_1467018325468{padding-top: 100px !important;padding-bottom: 80px !important;}&#8221;][vc_column]<div class=\"tm-element-heading-wrapper tm-heading-inner tm-element-align-center tm-heading-with-separator \">[vc_cta text=\"Hakk\u0131m\u0131zda\"  h2_google_fonts=\"font_family:Arimo%3Aregular%2Citalic%2C700%2C700italic|font_style:700%20bold%20regular%3A700%3Anormal\"  subtext=\"Hospitality Technologies 360\"  h4_google_fonts=\"font_family:Lato%3A100%2C100italic%2C300%2C300italic%2Cregular%2Citalic%2C700%2C700italic%2C900%2C900italic|font_style:300%20light%20regular%3A300%3Anormal\"  align=\"center\"  heading_sep=\"yes\"  tag=\"h2\"  h2=\"Hakk\u0131m\u0131zda\"  h4=\"Hospitality Technologies 360\"  txt_align=\"center\"  i_css_animation=\"\" css_animation=\"\"][\/vc_cta]<div class=\"heading-seperator\"><\/div><\/div> <!-- .tm-element-heading-wrapper container --> [vc_row_inner][vc_column_inner width=&#8221;1\/2&#8243;][vc_single_image image=&#8221;4100&#8243; img_size=&#8221;full&#8221;][\/vc_column_inner][vc_column_inner width=&#8221;1\/2&#8243;][vc_column_text]G\u00fcn\u00fcm\u00fczde artan teknolojik geli\u015fmelerini hotellerdeki artan ihtiya\u00e7larla \u00f6rt\u00fc\u015ft\u00fcrerek, b\u00fct\u00e7e kapsam\u0131 i\u00e7erinde en verimli ve ihtiya\u00e7lar\u0131 giderecek \u00fcr\u00fcnler konumland\u0131rmak konusunda yapm\u0131\u015f oldu\u011fum kariyer ve terc\u00fcbelerimi sizlerle payla\u015fmaktan mutluluk duyar\u0131m.<\/p>\n<p>25 y\u0131ll\u0131k ulusal ve uluslararas\u0131 hotel y\u00f6netim ve i\u015fletme terc\u00fcbesine sahip, dinamik ve ileri g\u00f6r\u00fc\u015f sahibi otelci olarak T\u00fcrkiye, Bulgaristan, Kazakistan, \u00d6zbekistan, Irak, Suriyea, Moldova, Rusya, Kuzey K\u0131br\u0131s \u00fclkerinde hotel IT s\u00fcre\u00e7lerini ve u\u00e7tan uca (360) a\u00e7\u0131l\u0131\u015flar\u0131n\u0131 organize ettim.<\/p>\n<p>IT direkt\u00f6r\u00fc oluncaya kadar olan i\u015f hayat\u0131mda; Hotel IT sistem supervisor, Hotel IT sistem m\u00fcd\u00fcr\u00fc ve hotel zincir sistem destem m\u00fcd\u00fcr\u00fc olarak basamaklar\u0131 \u00e7\u0131karak ba\u015far\u0131l\u0131 projelere imza att\u0131m.<\/p>\n<p><strong>Mehmet A\u011eILLI<\/strong><br \/>\n<strong><em>Ba\u015fkan<\/em><\/strong>[\/vc_column_text][\/vc_column_inner][\/vc_row_inner][\/vc_column][\/vc_row][vc_row full_width=&#8221;stretch_row&#8221; bgtype=&#8221;skin&#8221; css=&#8221;.vc_custom_1467020119362{padding-top: 60px !important;padding-bottom: 20px !important;}&#8221;][vc_column][vc_cta h2=&#8221; Hospitality Technologies 360&#8243; h2_font_container=&#8221;font_size:25px|line_height:30px&#8221; h2_google_fonts=&#8221;font_family:Ubuntu%3A300%2C300italic%2Cregular%2Citalic%2C500%2C500italic%2C700%2C700italic|font_style:500%20bold%20regular%3A500%3Anormal&#8221; el_width=&#8221;lg&#8221; add_button=&#8221;right&#8221; btn_title=&#8221;\u0130LET\u0130\u015e\u0130M&#8221; btn_style=&#8221;outline&#8221; btn_i_icon_fontawesome=&#8221;fa fa-hand-o-right&#8221; use_custom_fonts_h2=&#8221;true&#8221; btn_add_icon=&#8221;true&#8221; btn_custom_onclick=&#8221;true&#8221; btn_link=&#8221;url:http%3A%2F%2Fwww.hotech360.com%2Ftr%2Fcontact%2F|||&#8221;][\/vc_cta][\/vc_column][\/vc_row][vc_row][vc_column]<div class=\"tm-element-heading-wrapper tm-heading-inner tm-element-align-center tm-heading-with-separator \">[vc_cta text=\"REFERANSLAR\"  h2_google_fonts=\"font_family:Arimo%3Aregular%2Citalic%2C700%2C700italic|font_style:700%20bold%20regular%3A700%3Anormal\"  subtext=\"Neler Yapt\u0131k ?\"  h4_google_fonts=\"font_family:Lato%3A100%2C100italic%2C300%2C300italic%2Cregular%2Citalic%2C700%2C700italic%2C900%2C900italic|font_style:300%20light%20regular%3A300%3Anormal\"  align=\"center\"  heading_sep=\"yes\"  tag=\"h2\"  h2=\"REFERANSLAR\"  h4=\"Neler Yapt\u0131k ?\"  txt_align=\"center\"  i_css_animation=\"\" css_animation=\"\"][\/vc_cta]<div class=\"heading-seperator\"><\/div><\/div> <!-- .tm-element-heading-wrapper container --> [vc_row_inner][vc_column_inner width=&#8221;1\/2&#8243;]<ul class=\"tm-list tm-list-style-icon\"><li><i class=\"tm-skincolor fa fa-angle-right\"><\/i>  Okan Intercontinental Astana \/ Kazakistan<\/li><li><i class=\"tm-skincolor fa fa-angle-right\"><\/i>  Dedeman Chisinau \/ Moldova<\/li><li><i class=\"tm-skincolor fa fa-angle-right\"><\/i>  Dedeman Sofya - Plovdiv \/ Bulgaristan<\/li><li><i class=\"tm-skincolor fa fa-angle-right\"><\/i>  Dedeman \u015eam - Halep - Palmira \/ Suriye<\/li><li><i class=\"tm-skincolor fa fa-angle-right\"><\/i>  Dedeman Erbil \/ Kuzey Irak<\/li><li><i class=\"tm-skincolor fa fa-angle-right\"><\/i>  Dedeman Ust-Kamenogorsk \/ Kazakistan<\/li><li><i class=\"tm-skincolor fa fa-angle-right\"><\/i>  Dedeman Park Izmailovo \/ Moscova \/ Rusya<\/li><li><i class=\"tm-skincolor fa fa-angle-right\"><\/i>  Dedeman Bostanc\u0131 \u0130stanbul \/ T\u00fcrkiye<\/li><li><i class=\"tm-skincolor fa fa-angle-right\"><\/i>  Dedeman Bostanci Istanbul \/ T\u00fcrkiye<\/li><\/ul>[\/vc_column_inner][vc_column_inner width=&#8221;1\/2&#8243;]<ul class=\"tm-list tm-list-style-icon\"><li><i class=\"tm-skincolor fa fa-angle-right\"><\/i>  Dedeman Park Bostanc\u0131 \u0130stanbul \/ T\u00fcrkiye<\/li><li><i class=\"tm-skincolor fa fa-angle-right\"><\/i>  Dedeman Gaziantep \/ T\u00fcrkiye<\/li><li><i class=\"tm-skincolor fa fa-angle-right\"><\/i>  Dedeman Park Gaziantep \/ T\u00fcrkiye<\/li><li><i class=\"tm-skincolor fa fa-angle-right\"><\/i>  Dedeman Park Levent Istanbul \/ T\u00fcrkiye<\/li><li><i class=\"tm-skincolor fa fa-angle-right\"><\/i>  Dedeman Silk Road at Takent \/ Uzbekistan<\/li><li><i class=\"tm-skincolor fa fa-angle-right\"><\/i>  Dedeman Zonguldak \/ T\u00fcrkiye<\/li><li><i class=\"tm-skincolor fa fa-angle-right\"><\/i>  Dedeman Park Denizli \/ T\u00fcrkiye<\/li><li><i class=\"tm-skincolor fa fa-angle-right\"><\/i>  Holiday Inn Tuzla Bay \/ \u0130stanbul \/ T\u00fcrkiye<\/li><li><i class=\"tm-skincolor fa fa-angle-right\"><\/i>  Steigenberger Brazzaville, Republic of Congo<\/li><\/ul>[\/vc_column_inner][\/vc_row_inner][\/vc_column][\/vc_row]<\/p>","protected":false},"excerpt":{"rendered":"<p>[vc_row full_width=&#8221;stretch_row&#8221; bgtype=&#8221;grey&#8221; css=&#8221;.vc_custom_1467018325468{padding-top: 100px !important;padding-bottom: 80px !important;}&#8221;][vc_column][vc_row_inner][vc_column_inner width=&#8221;1\/2&#8243;][vc_single_image image=&#8221;4100&#8243; img_size=&#8221;full&#8221;][\/vc_column_inner][vc_column_inner width=&#8221;1\/2&#8243;][vc_column_text]G\u00fcn\u00fcm\u00fczde artan teknolojik geli\u015fmelerini hotellerdeki artan ihtiya\u00e7larla \u00f6rt\u00fc\u015ft\u00fcrerek, b\u00fct\u00e7e kapsam\u0131 i\u00e7erinde en verimli ve ihtiya\u00e7lar\u0131 giderecek \u00fcr\u00fcnler konumland\u0131rmak konusunda yapm\u0131\u015f oldu\u011fum kariyer ve terc\u00fcbelerimi sizlerle payla\u015fmaktan mutluluk duyar\u0131m. 25 y\u0131ll\u0131k ulusal ve uluslararas\u0131 hotel y\u00f6netim ve i\u015fletme terc\u00fcbesine sahip, dinamik ve ileri g\u00f6r\u00fc\u015f sahibi [&hellip;]<\/p>\n","protected":false},"author":5,"featured_media":0,"parent":0,"menu_order":13,"comment_status":"closed","ping_status":"closed","template":"","meta":[],"_links":{"self":[{"href":"https:\/\/www.hotech360.com\/tr\/wp-json\/wp\/v2\/pages\/3600"}],"collection":[{"href":"https:\/\/www.hotech360.com\/tr\/wp-json\/wp\/v2\/pages"}],"about":[{"href":"https:\/\/www.hotech360.com\/tr\/wp-json\/wp\/v2\/types\/page"}],"author":[{"embeddable":true,"href":"https:\/\/www.hotech360.com\/tr\/wp-json\/wp\/v2\/users\/5"}],"replies":[{"embeddable":true,"href":"https:\/\/www.hotech360.com\/tr\/wp-json\/wp\/v2\/comments?post=3600"}],"version-history":[{"count":6,"href":"https:\/\/www.hotech360.com\/tr\/wp-json\/wp\/v2\/pages\/3600\/revisions"}],"predecessor-version":[{"id":4785,"href":"https:\/\/www.hotech360.com\/tr\/wp-json\/wp\/v2\/pages\/3600\/revisions\/4785"}],"wp:attachment":[{"href":"https:\/\/www.hotech360.com\/tr\/wp-json\/wp\/v2\/media?parent=3600"}],"curies":[{"name":"wp","href":"https:\/\/api.w.org\/{rel}","templated":true}]}}