{"id":3630,"date":"2016-09-07T10:40:36","date_gmt":"2016-09-07T10:40:36","guid":{"rendered":"http:\/\/apicona-advanced-data.thememount.com\/?page_id=3630"},"modified":"2019-02-26T11:20:32","modified_gmt":"2019-02-26T11:20:32","slug":"solutions","status":"publish","type":"page","link":"https:\/\/www.hotech360.com\/tr\/solutions\/","title":{"rendered":"\u00c7\u00f6z\u00fcmler"},"content":{"rendered":"<p>[vc_row css=&#8221;.vc_custom_1475480171824{padding-bottom: 50px !important;}&#8221;][vc_column]<div class=\"tm-element-heading-wrapper tm-heading-inner tm-element-align-center tm-heading-with-separator \">[vc_cta text=\"\u00c7\u00f6z\u00fcmler\"  h2_google_fonts=\"font_family:Arimo%3Aregular%2Citalic%2C700%2C700italic|font_style:700%20bold%20regular%3A700%3Anormal\"  subtext=\"M\u00fc\u015fterilerimize sundu\u011fumuz baz\u0131 hizmetler\"  h4_google_fonts=\"font_family:Lato%3A100%2C100italic%2C300%2C300italic%2Cregular%2Citalic%2C700%2C700italic%2C900%2C900italic|font_style:300%20light%20regular%3A300%3Anormal\"  align=\"center\"  heading_sep=\"yes\"  tag=\"h2\"  h2=\"\u00c7\u00f6z\u00fcmler\"  h4=\"M\u00fc\u015fterilerimize sundu\u011fumuz baz\u0131 hizmetler\"  txt_align=\"center\"  i_css_animation=\"\" css_animation=\"\"][\/vc_cta]<div class=\"heading-seperator\"><\/div><\/div> <!-- .tm-element-heading-wrapper container --> [vc_row_inner][vc_column_inner width=&#8221;1\/3&#8243;]<div class=\"tm-sbox tm-sbox-iconalign-top none     kisalt\">[vc_cta h2=\"YAPISAL KABLOLAMA\"  h2_google_fonts=\"font_family:Arimo%3Aregular%2Citalic%2C700%2C700italic|font_style:700%20bold%20regular%3A700%3Anormal\"  h4_google_fonts=\"font_family:Lato%3A100%2C100italic%2C300%2C300italic%2Cregular%2Citalic%2C700%2C700italic%2C900%2C900italic|font_style:300%20light%20regular%3A300%3Anormal\"  txt_align=\"center\"  heading_sep=\"no\"  shape=\"none\"  style=\"transparent\"  color=\"grey\"  add_button=\"bottom\"  btn_title=\"Devam\u0131n\u0131 Oku\"  btn_link=\"url:http%3A%2F%2Fwww.hotech360.com%2Ftr%2Fstructural-cabling%2F|||\"  btn_style=\"text\"  btn_gradient_color_1=\"turquoise\"  btn_gradient_color_2=\"blue\"  btn_custom_background=\"#ededed\"  btn_custom_text=\"#666\"  btn_outline_custom_color=\"#666\"  btn_outline_custom_hover_background=\"#666\"  btn_outline_custom_hover_text=\"#fff\"  btn_color=\"skincolor\"  btn_size=\"md\"  btn_custom_onclick=\"true\"  add_icon=\"top\"  hover=\"none\"  icon_type=\"icon\"  i_type=\"fontawesome\"  i_icon_fontawesome=\"fa fa-assistive-listening-systems\"  i_icon_openiconic=\"vc-oi vc-oi-dial\"  i_icon_typicons=\"typcn typcn-adjust-brightness\"  i_icon_entypo=\"entypo-icon entypo-icon-note\"  i_icon_linecons=\"vc_li vc_li-heart\"  i_color=\"skincolor\"  i_background_style=\"none\"  i_background_color=\"grey\"  i_size=\"xl\"  btn_align=\"center\"  i_css_animation=\"\" css_animation=\"\"][\/vc_cta]<\/div><div class=\"tm-sbox tm-sbox-iconalign-top none     kisalt\">[vc_cta h2=\"VER\u0130 MERKEZ\u0130 VE SANALLA\u015eTIRMA\"  h2_google_fonts=\"font_family:Arimo%3Aregular%2Citalic%2C700%2C700italic|font_style:700%20bold%20regular%3A700%3Anormal\"  h4_google_fonts=\"font_family:Lato%3A100%2C100italic%2C300%2C300italic%2Cregular%2Citalic%2C700%2C700italic%2C900%2C900italic|font_style:300%20light%20regular%3A300%3Anormal\"  txt_align=\"center\"  heading_sep=\"no\"  shape=\"none\"  style=\"transparent\"  color=\"grey\"  add_button=\"bottom\"  btn_title=\"Devam\u0131n\u0131 Oku\"  btn_link=\"url:http%3A%2F%2Fwww.hotech360.com%2Fdata-center%2F|||\"  btn_style=\"text\"  btn_gradient_color_1=\"turquoise\"  btn_gradient_color_2=\"blue\"  btn_custom_background=\"#ededed\"  btn_custom_text=\"#666\"  btn_outline_custom_color=\"#666\"  btn_outline_custom_hover_background=\"#666\"  btn_outline_custom_hover_text=\"#fff\"  btn_color=\"skincolor\"  btn_size=\"md\"  btn_custom_onclick=\"true\"  add_icon=\"top\"  hover=\"none\"  icon_type=\"icon\"  i_type=\"fontawesome\"  i_icon_fontawesome=\"fa fa-tasks\"  i_icon_openiconic=\"vc-oi vc-oi-dial\"  i_icon_typicons=\"typcn typcn-adjust-brightness\"  i_icon_entypo=\"entypo-icon entypo-icon-note\"  i_icon_linecons=\"vc_li vc_li-heart\"  i_color=\"skincolor\"  i_background_style=\"none\"  i_background_color=\"grey\"  i_size=\"xl\"  btn_align=\"center\"  i_css_animation=\"\" css_animation=\"\"][\/vc_cta]<\/div><div class=\"tm-sbox tm-sbox-iconalign-top none     kisalt\">[vc_cta h2=\"KARTLI G\u0130R\u0130\u015e S\u0130STEMLER\u0130\"  h2_google_fonts=\"font_family:Arimo%3Aregular%2Citalic%2C700%2C700italic|font_style:700%20bold%20regular%3A700%3Anormal\"  h4_google_fonts=\"font_family:Lato%3A100%2C100italic%2C300%2C300italic%2Cregular%2Citalic%2C700%2C700italic%2C900%2C900italic|font_style:300%20light%20regular%3A300%3Anormal\"  txt_align=\"center\"  heading_sep=\"no\"  shape=\"none\"  style=\"transparent\"  color=\"grey\"  add_button=\"bottom\"  btn_title=\"Devam\u0131n\u0131 Oku\"  btn_link=\"url:http%3A%2F%2Fwww.hotech360.com%2Ftr%2Fcard-entrance-systems%2F|||\"  btn_style=\"text\"  btn_gradient_color_1=\"turquoise\"  btn_gradient_color_2=\"blue\"  btn_custom_background=\"#ededed\"  btn_custom_text=\"#666\"  btn_outline_custom_color=\"#666\"  btn_outline_custom_hover_background=\"#666\"  btn_outline_custom_hover_text=\"#fff\"  btn_color=\"skincolor\"  btn_size=\"md\"  btn_custom_onclick=\"true\"  add_icon=\"top\"  hover=\"none\"  icon_type=\"icon\"  i_type=\"fontawesome\"  i_icon_fontawesome=\"fa fa-hdd-o\"  i_icon_openiconic=\"vc-oi vc-oi-dial\"  i_icon_typicons=\"typcn typcn-adjust-brightness\"  i_icon_entypo=\"entypo-icon entypo-icon-note\"  i_icon_linecons=\"vc_li vc_li-heart\"  i_color=\"skincolor\"  i_background_style=\"none\"  i_background_color=\"grey\"  i_size=\"xl\"  btn_align=\"center\"  i_css_animation=\"\" css_animation=\"\"][\/vc_cta]<\/div><div class=\"tm-sbox tm-sbox-iconalign-top none     kisalt\">[vc_cta h2=\"\u015eARTNAME HAZIRLIKLARI\"  h2_google_fonts=\"font_family:Arimo%3Aregular%2Citalic%2C700%2C700italic|font_style:700%20bold%20regular%3A700%3Anormal\"  h4_google_fonts=\"font_family:Lato%3A100%2C100italic%2C300%2C300italic%2Cregular%2Citalic%2C700%2C700italic%2C900%2C900italic|font_style:300%20light%20regular%3A300%3Anormal\"  txt_align=\"center\"  heading_sep=\"no\"  shape=\"none\"  style=\"transparent\"  color=\"grey\"  add_button=\"bottom\"  btn_title=\"Devam\u0131n\u0131 Oku\"  btn_link=\"url:http%3A%2F%2Fwww.hotech360.com%2Ftr%2Fpreparation-of-the-specification%2F|||\"  btn_style=\"text\"  btn_gradient_color_1=\"turquoise\"  btn_gradient_color_2=\"blue\"  btn_custom_background=\"#ededed\"  btn_custom_text=\"#666\"  btn_outline_custom_color=\"#666\"  btn_outline_custom_hover_background=\"#666\"  btn_outline_custom_hover_text=\"#fff\"  btn_color=\"skincolor\"  btn_size=\"md\"  btn_custom_onclick=\"true\"  add_icon=\"top\"  hover=\"none\"  icon_type=\"icon\"  i_type=\"fontawesome\"  i_icon_fontawesome=\"fa fa-file\"  i_icon_openiconic=\"vc-oi vc-oi-dial\"  i_icon_typicons=\"typcn typcn-adjust-brightness\"  i_icon_entypo=\"entypo-icon entypo-icon-note\"  i_icon_linecons=\"vc_li vc_li-heart\"  i_color=\"skincolor\"  i_background_style=\"none\"  i_background_color=\"grey\"  i_size=\"xl\"  btn_align=\"center\"  i_css_animation=\"\" css_animation=\"\"][\/vc_cta]<\/div>[\/vc_column_inner][vc_column_inner width=&#8221;1\/3&#8243;]<div class=\"tm-sbox tm-sbox-iconalign-top none     kisalt\">[vc_cta h2=\"TELEFON &amp; SANTRAL \u00c7\u00d6Z\u00dcMLER\u0130\"  h2_google_fonts=\"font_family:Arimo%3Aregular%2Citalic%2C700%2C700italic|font_style:700%20bold%20regular%3A700%3Anormal\"  h4_google_fonts=\"font_family:Lato%3A100%2C100italic%2C300%2C300italic%2Cregular%2Citalic%2C700%2C700italic%2C900%2C900italic|font_style:300%20light%20regular%3A300%3Anormal\"  txt_align=\"center\"  heading_sep=\"no\"  shape=\"none\"  style=\"transparent\"  color=\"grey\"  add_button=\"bottom\"  btn_title=\"Devam\u0131n\u0131 Oku\"  btn_link=\"url:http%3A%2F%2Fwww.hotech360.com%2Ftr%2Ftelephone-swichboard-systems%2F|||\"  btn_style=\"text\"  btn_gradient_color_1=\"turquoise\"  btn_gradient_color_2=\"blue\"  btn_custom_background=\"#ededed\"  btn_custom_text=\"#666\"  btn_outline_custom_color=\"#666\"  btn_outline_custom_hover_background=\"#666\"  btn_outline_custom_hover_text=\"#fff\"  btn_color=\"skincolor\"  btn_size=\"md\"  btn_custom_onclick=\"true\"  add_icon=\"top\"  hover=\"none\"  icon_type=\"icon\"  i_type=\"fontawesome\"  i_icon_fontawesome=\"fa fa-volume-control-phone\"  i_icon_openiconic=\"vc-oi vc-oi-dial\"  i_icon_typicons=\"typcn typcn-adjust-brightness\"  i_icon_entypo=\"entypo-icon entypo-icon-note\"  i_icon_linecons=\"vc_li vc_li-heart\"  i_color=\"skincolor\"  i_background_style=\"none\"  i_background_color=\"grey\"  i_size=\"xl\"  btn_align=\"center\"  i_css_animation=\"\" css_animation=\"\"][\/vc_cta]<\/div><div class=\"tm-sbox tm-sbox-iconalign-top none     kisalt\">[vc_cta h2=\"SUNUCU &amp; SUNUCU SANALLA\u015eTIRMA\"  h2_google_fonts=\"font_family:Arimo%3Aregular%2Citalic%2C700%2C700italic|font_style:700%20bold%20regular%3A700%3Anormal\"  h4_google_fonts=\"font_family:Lato%3A100%2C100italic%2C300%2C300italic%2Cregular%2Citalic%2C700%2C700italic%2C900%2C900italic|font_style:300%20light%20regular%3A300%3Anormal\"  txt_align=\"center\"  heading_sep=\"no\"  shape=\"none\"  style=\"transparent\"  color=\"grey\"  add_button=\"bottom\"  btn_title=\"Devam\u0131n\u0131 Oku\"  btn_link=\"url:http%3A%2F%2Fwww.hotech360.com%2Ftr%2Fserver-virtualization%2F|||\"  btn_style=\"text\"  btn_gradient_color_1=\"turquoise\"  btn_gradient_color_2=\"blue\"  btn_custom_background=\"#ededed\"  btn_custom_text=\"#666\"  btn_outline_custom_color=\"#666\"  btn_outline_custom_hover_background=\"#666\"  btn_outline_custom_hover_text=\"#fff\"  btn_color=\"skincolor\"  btn_size=\"md\"  btn_custom_onclick=\"true\"  add_icon=\"top\"  hover=\"none\"  icon_type=\"icon\"  i_type=\"fontawesome\"  i_icon_fontawesome=\"fa fa-sitemap\"  i_icon_openiconic=\"vc-oi vc-oi-dial\"  i_icon_typicons=\"typcn typcn-adjust-brightness\"  i_icon_entypo=\"entypo-icon entypo-icon-note\"  i_icon_linecons=\"vc_li vc_li-heart\"  i_color=\"skincolor\"  i_background_style=\"none\"  i_background_color=\"grey\"  i_size=\"xl\"  btn_align=\"center\"  i_css_animation=\"\" css_animation=\"\"][\/vc_cta]<\/div><div class=\"tm-sbox tm-sbox-iconalign-top none     kisalt\">[vc_cta h2=\"INROOM E\u011eLENCE\"  h2_google_fonts=\"font_family:Arimo%3Aregular%2Citalic%2C700%2C700italic|font_style:700%20bold%20regular%3A700%3Anormal\"  h4_google_fonts=\"font_family:Lato%3A100%2C100italic%2C300%2C300italic%2Cregular%2Citalic%2C700%2C700italic%2C900%2C900italic|font_style:300%20light%20regular%3A300%3Anormal\"  txt_align=\"center\"  heading_sep=\"no\"  shape=\"none\"  style=\"transparent\"  color=\"grey\"  add_button=\"bottom\"  btn_title=\"Devam\u0131n\u0131 Oku\"  btn_link=\"url:http%3A%2F%2Fwww.hotech360.com%2Finroom-entertainment%2F|||\"  btn_style=\"text\"  btn_gradient_color_1=\"turquoise\"  btn_gradient_color_2=\"blue\"  btn_custom_background=\"#ededed\"  btn_custom_text=\"#666\"  btn_outline_custom_color=\"#666\"  btn_outline_custom_hover_background=\"#666\"  btn_outline_custom_hover_text=\"#fff\"  btn_color=\"skincolor\"  btn_size=\"md\"  btn_custom_onclick=\"true\"  add_icon=\"top\"  hover=\"none\"  icon_type=\"icon\"  i_type=\"fontawesome\"  i_icon_fontawesome=\"fa fa-bookmark\"  i_icon_openiconic=\"vc-oi vc-oi-dial\"  i_icon_typicons=\"typcn typcn-adjust-brightness\"  i_icon_entypo=\"entypo-icon entypo-icon-note\"  i_icon_linecons=\"vc_li vc_li-heart\"  i_color=\"skincolor\"  i_background_style=\"none\"  i_background_color=\"grey\"  i_size=\"xl\"  btn_align=\"center\"  i_css_animation=\"\" css_animation=\"\"][\/vc_cta]<\/div><div class=\"tm-sbox tm-sbox-iconalign-top none     kisalt\">[vc_cta h2=\"OTO PARK KONTROL VE TAK\u0130P S\u0130STEMLER\u0130\"  h2_google_fonts=\"font_family:Arimo%3Aregular%2Citalic%2C700%2C700italic|font_style:700%20bold%20regular%3A700%3Anormal\"  h4_google_fonts=\"font_family:Lato%3A100%2C100italic%2C300%2C300italic%2Cregular%2Citalic%2C700%2C700italic%2C900%2C900italic|font_style:300%20light%20regular%3A300%3Anormal\"  txt_align=\"center\"  heading_sep=\"no\"  shape=\"none\"  style=\"transparent\"  color=\"grey\"  add_button=\"bottom\"  btn_title=\"Devam\u0131n\u0131 Oku\"  btn_link=\"url:http%3A%2F%2Fwww.hotech360.com%2Ftr%2Fcar-park-control-and-pursuit-systems%2F|||\"  btn_style=\"text\"  btn_gradient_color_1=\"turquoise\"  btn_gradient_color_2=\"blue\"  btn_custom_background=\"#ededed\"  btn_custom_text=\"#666\"  btn_outline_custom_color=\"#666\"  btn_outline_custom_hover_background=\"#666\"  btn_outline_custom_hover_text=\"#fff\"  btn_color=\"skincolor\"  btn_size=\"md\"  btn_custom_onclick=\"true\"  add_icon=\"top\"  hover=\"none\"  icon_type=\"icon\"  i_type=\"fontawesome\"  i_icon_fontawesome=\"fa fa-car\"  i_icon_openiconic=\"vc-oi vc-oi-dial\"  i_icon_typicons=\"typcn typcn-adjust-brightness\"  i_icon_entypo=\"entypo-icon entypo-icon-note\"  i_icon_linecons=\"vc_li vc_li-heart\"  i_color=\"skincolor\"  i_background_style=\"none\"  i_background_color=\"grey\"  i_size=\"xl\"  btn_align=\"center\"  i_css_animation=\"\" css_animation=\"\"][\/vc_cta]<\/div>[\/vc_column_inner][vc_column_inner width=&#8221;1\/3&#8243;]<div class=\"tm-sbox tm-sbox-iconalign-top none     kisalt\">[vc_cta h2=\"NETWORK \u00c7\u00d6Z\u00dcMLER\u0130\"  h2_google_fonts=\"font_family:Arimo%3Aregular%2Citalic%2C700%2C700italic|font_style:700%20bold%20regular%3A700%3Anormal\"  h4_google_fonts=\"font_family:Lato%3A100%2C100italic%2C300%2C300italic%2Cregular%2Citalic%2C700%2C700italic%2C900%2C900italic|font_style:300%20light%20regular%3A300%3Anormal\"  txt_align=\"center\"  heading_sep=\"no\"  shape=\"none\"  style=\"transparent\"  color=\"grey\"  add_button=\"bottom\"  btn_title=\"Devam\u0131n\u0131 Oku\"  btn_link=\"url:http%3A%2F%2Fwww.hotech360.com%2Ftr%2Fnetwork-solutions-activepassive-equipments%2F|||\"  btn_style=\"text\"  btn_gradient_color_1=\"turquoise\"  btn_gradient_color_2=\"blue\"  btn_custom_background=\"#ededed\"  btn_custom_text=\"#666\"  btn_outline_custom_color=\"#666\"  btn_outline_custom_hover_background=\"#666\"  btn_outline_custom_hover_text=\"#fff\"  btn_color=\"skincolor\"  btn_size=\"md\"  btn_custom_onclick=\"true\"  add_icon=\"top\"  hover=\"none\"  icon_type=\"icon\"  i_type=\"fontawesome\"  i_icon_fontawesome=\"fa fa-code-fork\"  i_icon_openiconic=\"vc-oi vc-oi-dial\"  i_icon_typicons=\"typcn typcn-adjust-brightness\"  i_icon_entypo=\"entypo-icon entypo-icon-note\"  i_icon_linecons=\"vc_li vc_li-heart\"  i_color=\"skincolor\"  i_background_style=\"none\"  i_background_color=\"grey\"  i_size=\"xl\"  btn_align=\"center\"  i_css_animation=\"\" css_animation=\"\"][\/vc_cta]<\/div><div class=\"tm-sbox tm-sbox-iconalign-top none     kisalt\">[vc_cta h2=\"G\u00dcVENL\u0130K KAMERALARI (CCTV)\"  h2_google_fonts=\"font_family:Arimo%3Aregular%2Citalic%2C700%2C700italic|font_style:700%20bold%20regular%3A700%3Anormal\"  h4_google_fonts=\"font_family:Lato%3A100%2C100italic%2C300%2C300italic%2Cregular%2Citalic%2C700%2C700italic%2C900%2C900italic|font_style:300%20light%20regular%3A300%3Anormal\"  txt_align=\"center\"  heading_sep=\"no\"  shape=\"none\"  style=\"transparent\"  color=\"grey\"  add_button=\"bottom\"  btn_title=\"Devam\u0131n\u0131 Oku\"  btn_link=\"url:http%3A%2F%2Fwww.hotech360.com%2Ftr%2Fcctv%2F|||\"  btn_style=\"text\"  btn_gradient_color_1=\"turquoise\"  btn_gradient_color_2=\"blue\"  btn_custom_background=\"#ededed\"  btn_custom_text=\"#666\"  btn_outline_custom_color=\"#666\"  btn_outline_custom_hover_background=\"#666\"  btn_outline_custom_hover_text=\"#fff\"  btn_color=\"skincolor\"  btn_size=\"md\"  btn_custom_onclick=\"true\"  add_icon=\"top\"  hover=\"none\"  icon_type=\"icon\"  i_type=\"fontawesome\"  i_icon_fontawesome=\"fa fa-camera-retro\"  i_icon_openiconic=\"vc-oi vc-oi-dial\"  i_icon_typicons=\"typcn typcn-adjust-brightness\"  i_icon_entypo=\"entypo-icon entypo-icon-note\"  i_icon_linecons=\"vc_li vc_li-heart\"  i_color=\"skincolor\"  i_background_style=\"none\"  i_background_color=\"grey\"  i_size=\"xl\"  btn_align=\"center\"  i_css_animation=\"\" css_animation=\"\"][\/vc_cta]<\/div><div class=\"tm-sbox tm-sbox-iconalign-top none     kisalt\">[vc_cta h2=\"HOTEL \/ B\u0130NA Y\u00d6NET\u0130M S\u0130STEMLER\u0130 \"  h2_google_fonts=\"font_family:Arimo%3Aregular%2Citalic%2C700%2C700italic|font_style:700%20bold%20regular%3A700%3Anormal\"  h4_google_fonts=\"font_family:Lato%3A100%2C100italic%2C300%2C300italic%2Cregular%2Citalic%2C700%2C700italic%2C900%2C900italic|font_style:300%20light%20regular%3A300%3Anormal\"  txt_align=\"center\"  heading_sep=\"no\"  shape=\"none\"  style=\"transparent\"  color=\"grey\"  add_button=\"bottom\"  btn_title=\"Devam\u0131n\u0131 Oku\"  btn_link=\"url:http%3A%2F%2Fwww.hotech360.com%2Ftr%2Fhotel-building-management-systems%2F|||\"  btn_style=\"text\"  btn_gradient_color_1=\"turquoise\"  btn_gradient_color_2=\"blue\"  btn_custom_background=\"#ededed\"  btn_custom_text=\"#666\"  btn_outline_custom_color=\"#666\"  btn_outline_custom_hover_background=\"#666\"  btn_outline_custom_hover_text=\"#fff\"  btn_color=\"skincolor\"  btn_size=\"md\"  btn_custom_onclick=\"true\"  add_icon=\"top\"  hover=\"none\"  icon_type=\"icon\"  i_type=\"fontawesome\"  i_icon_fontawesome=\"fa fa-child\"  i_icon_openiconic=\"vc-oi vc-oi-dial\"  i_icon_typicons=\"typcn typcn-adjust-brightness\"  i_icon_entypo=\"entypo-icon entypo-icon-note\"  i_icon_linecons=\"vc_li vc_li-heart\"  i_color=\"skincolor\"  i_background_style=\"none\"  i_background_color=\"grey\"  i_size=\"xl\"  btn_align=\"center\"  i_css_animation=\"\" css_animation=\"\"][\/vc_cta]<\/div><div class=\"tm-sbox tm-sbox-iconalign-top none     \">[vc_cta h2=\"B\u0130LG\u0130LEND\u0130RME EKRANLAR\"  h2_google_fonts=\"font_family:Arimo%3Aregular%2Citalic%2C700%2C700italic|font_style:700%20bold%20regular%3A700%3Anormal\"  h4_google_fonts=\"font_family:Lato%3A100%2C100italic%2C300%2C300italic%2Cregular%2Citalic%2C700%2C700italic%2C900%2C900italic|font_style:300%20light%20regular%3A300%3Anormal\"  txt_align=\"center\"  heading_sep=\"no\"  shape=\"none\"  style=\"transparent\"  color=\"grey\"  add_button=\"bottom\"  btn_title=\"Devam\u0131n\u0131 Oku\"  btn_link=\"url:http%3A%2F%2Fwww.hotech360.com%2Ftr%2Fdigital-signage%2F|||\"  btn_style=\"text\"  btn_gradient_color_1=\"turquoise\"  btn_gradient_color_2=\"blue\"  btn_custom_background=\"#ededed\"  btn_custom_text=\"#666\"  btn_outline_custom_color=\"#666\"  btn_outline_custom_hover_background=\"#666\"  btn_outline_custom_hover_text=\"#fff\"  btn_color=\"skincolor\"  btn_size=\"md\"  btn_custom_onclick=\"true\"  add_icon=\"top\"  hover=\"none\"  icon_type=\"icon\"  i_type=\"fontawesome\"  i_icon_fontawesome=\"fa fa-magic\"  i_icon_openiconic=\"vc-oi vc-oi-dial\"  i_icon_typicons=\"typcn typcn-adjust-brightness\"  i_icon_entypo=\"entypo-icon entypo-icon-note\"  i_icon_linecons=\"vc_li vc_li-heart\"  i_color=\"skincolor\"  i_background_style=\"none\"  i_background_color=\"grey\"  i_size=\"xl\"  btn_align=\"center\"  i_css_animation=\"\" css_animation=\"\"][\/vc_cta]<\/div>[\/vc_column_inner][\/vc_row_inner][\/vc_column][\/vc_row]<\/p>","protected":false},"excerpt":{"rendered":"<p>[vc_row css=&#8221;.vc_custom_1475480171824{padding-bottom: 50px !important;}&#8221;][vc_column][vc_row_inner][vc_column_inner width=&#8221;1\/3&#8243;][\/vc_column_inner][vc_column_inner width=&#8221;1\/3&#8243;][\/vc_column_inner][vc_column_inner width=&#8221;1\/3&#8243;][\/vc_column_inner][\/vc_row_inner][\/vc_column][\/vc_row]<\/p>\n","protected":false},"author":5,"featured_media":0,"parent":0,"menu_order":15,"comment_status":"closed","ping_status":"closed","template":"","meta":[],"_links":{"self":[{"href":"https:\/\/www.hotech360.com\/tr\/wp-json\/wp\/v2\/pages\/3630"}],"collection":[{"href":"https:\/\/www.hotech360.com\/tr\/wp-json\/wp\/v2\/pages"}],"about":[{"href":"https:\/\/www.hotech360.com\/tr\/wp-json\/wp\/v2\/types\/page"}],"author":[{"embeddable":true,"href":"https:\/\/www.hotech360.com\/tr\/wp-json\/wp\/v2\/users\/5"}],"replies":[{"embeddable":true,"href":"https:\/\/www.hotech360.com\/tr\/wp-json\/wp\/v2\/comments?post=3630"}],"version-history":[{"count":5,"href":"https:\/\/www.hotech360.com\/tr\/wp-json\/wp\/v2\/pages\/3630\/revisions"}],"predecessor-version":[{"id":4714,"href":"https:\/\/www.hotech360.com\/tr\/wp-json\/wp\/v2\/pages\/3630\/revisions\/4714"}],"wp:attachment":[{"href":"https:\/\/www.hotech360.com\/tr\/wp-json\/wp\/v2\/media?parent=3630"}],"curies":[{"name":"wp","href":"https:\/\/api.w.org\/{rel}","templated":true}]}}