{"id":3691,"date":"2016-09-07T11:22:51","date_gmt":"2016-09-07T11:22:51","guid":{"rendered":"http:\/\/apicona-advanced-data.thememount.com\/?page_id=3691"},"modified":"2016-11-24T06:31:16","modified_gmt":"2016-11-24T06:31:16","slug":"news","status":"publish","type":"page","link":"https:\/\/www.hotech360.com\/tr\/news\/","title":{"rendered":"Haberler"},"content":{"rendered":"<p>[vc_row][vc_column]<div class=\"row thememount-blog-boxes-wrapper thememount-blog-view-default thememount-effect-default thememount-items-col-three   \" id=\"thememount-blog-id-21965439\" ><div class=\"thememount-blog-text col-xs-12 col-sm-12 col-md-12 col-lg-12\"><\/div><div class=\"thememount-blog-boxes col-xs-12 col-sm-12 col-md-12 col-lg-12\"><div class=\"thememount-blog-boxes-inner row multi-columns-row thememount-items-wrapper \">\r\n\t\t<article class=\"tm-post-box tm-box col-lg-4 col-sm-6 col-md-4 col-xs-12 thememount-blogbox-format-standard \">\r\n\t\t\t<div class=\"post-item\">\r\n\t\t\t\t<div class=\"post-item-thumbnail\">\r\n\t\t\t\t\t<div class=\"post-item-thumbnail-inner\">\r\n\t\t\t\t\t\t<div class=\"thememount-blog-media entry-thumbnail\"><img width=\"700\" height=\"390\" src=\"https:\/\/www.hotech360.com\/wp-content\/uploads\/2016\/06\/hotel-700x390.jpg\" class=\"attachment-blog-three-column size-blog-three-column wp-post-image\" alt=\"\" decoding=\"async\" loading=\"lazy\" \/><a href=\"https:\/\/www.hotech360.com\/tr\/top-national-hotel-news\/\"><span class=\"overthumb\"><i class=\"tm-social-icon-plus\"><\/i><\/span><\/a><\/div>\r\n\t\t\t\t\t\t<a href=\"https:\/\/www.hotech360.com\/tr\/top-national-hotel-news\/\"><span class=\"overthumb\"><i class=\"tm-social-icon-plus\"><\/i><\/span><\/a>\r\n\t\t\t\t\t<\/div>\r\n\t\t\t\t\t\r\n\t\t\t\t<\/div>\r\n\t\t\t\t<div class=\"tm-item-content\">\r\n\t\t\t\t\t<h4><a href=\"https:\/\/www.hotech360.com\/tr\/top-national-hotel-news\/\">Son 40 y\u0131l\u0131n Turizm Bakanlar\u0131 Bulu\u015fmas\u0131<\/a><\/h4>\t\t\t\r\n\t\t\t\t\t<div class=\"tm-blogbox-footer-meta\">\r\n\t\t\t\t\t\t<div class=\"tm-blogbox-date\"><i class=\"demo-icon tm-social-icon-calendar\"><\/i> Cumartesi Haziran 18th, 2016<\/div>\r\n\t\t\t\t\t\t<div class=\"tm-blogbox-comment\"><i class=\"demo-icon tm-social-icon-comment-1\"><\/i> <\/div>\r\n\t\t\t\t\t<\/div>\t\r\n\t\t\t\t\t<div class=\"thememount-blogbox-desc\">\r\n\t\t\t\t\t\t[vc_row][vc_column][vc_column_text]<img class=\"alignnone size-full wp-image-4671\" src=\"http:\/\/www.hotech360.com\/wp-content\/uploads\/2016\/06\/bakanlar-bulusmasi.jpg\" alt=\"bakanlar-bulusmasi\" width=\"570\" height=\"320\" \/><br \/>\r\n<br \/>\r\nAralar\u0131nda Eski Ba\u015fbakan Mesut Y\u0131lmaz'\u0131n da bulundu\u011fu 7 Eski Turizm Bakan\u0131, \u0130stanbul Armada Oteldeki bir ak\u015fam yeme\u011finde bir araya geldi.<br \/>\r\n<br \/>\r\nBahattin Y\u00fccel'in (DYP) turizm sekt\u00f6r\u00fcne giri\u015finin 45.y\u0131l\u0131nda d\u00fczenledi\u011fi bu bulu\u015fmaya; Mesut Y\u0131lmaz d\u0131\u015f\u0131nda, Alev Co\u015fkun(CHP), T\u0131naz Titiz(ANAP), \u0130rfan G\u00fcrp\u0131nar(CHP), G\u00fcldal Ak\u015fit(AKP) ve Ertu\u011frul G\u00fcnay(AKP) kat\u0131ld\u0131lar.<br \/>\r\n<br \/>\r\n<img class=\"alignnone size-full wp-image-4670\" src=\"http:\/\/www.hotech360.com\/wp-content\/uploads\/2016\/06\/bakanlar-bulusmasi-2.jpg\" alt=\"bakanlar-bulusmasi-2\" width=\"550\" height=\"413\" \/><br \/>\r\n<br \/>\r\nTurizmin g\u00fcncel durumu ve ya\u015fad\u0131\u011f\u0131 krizin boyutlar\u0131 hakk\u0131nda g\u00f6r\u00fc\u015f al\u0131\u015fveri\u015finde bulunulan yemekten \u00f6nce, Sekt\u00f6r\u00fcn say\u0131sal b\u00fcy\u00fckl\u00fck ve \u00f6n\u00fcm\u00fczdeki d\u00f6nemde kar\u015f\u0131 kar\u015f\u0131ya kalaca\u011f\u0131 risklere ili\u015fkin,TURAD'\u0131n-Turizm Ara\u015ft\u0131rmalar\u0131 Derne\u011fi- haz\u0131rlad\u0131\u011f\u0131 bir sunum yap\u0131ld\u0131.<br \/>\r\n<br \/>\r\nFarkl\u0131 siyasi partiler ad\u0131na yakla\u015f\u0131k son k\u0131rk y\u0131l i\u00e7erisinde Turizm Bakanl\u0131\u011f\u0131 g\u00f6revini \u00fcstlenen siyaset\u00e7iler; izlenen d\u0131\u015f politika ve i\u00e7erideki bir tak\u0131m yasaklar kald\u0131r\u0131lmaz ve uygulamalarda de\u011fi\u015fiklik yap\u0131lmazsa, \u00f6n\u00fcm\u00fczdeki y\u0131llarda krizin giderek derinle\u015fece\u011fine ili\u015fkin g\u00f6r\u00fc\u015flerini \u00f6ne s\u00fcrd\u00fcler.<br \/>\r\n<br \/>\r\nGeride b\u0131rak\u0131lan sezonda ya\u015fanan sorunlar\u0131n, turizm sekt\u00f6r\u00fcn\u00fcn hatalar\u0131ndan de\u011fil, izlenen siyasetten kaynakland\u0131\u011f\u0131, y\u0131l sonuna kadar radikal \u00f6nlemler al\u0131nmad\u0131\u011f\u0131 takdirde \u00e7ok ge\u00e7 kal\u0131naca\u011f\u0131 dile getirildi.[\/vc_column_text][\/vc_column][\/vc_row]\r\n\t\t\t\t\t<\/div>\r\n\t\t\t\t<\/div>\r\n\t\t\t<\/div>\r\n\t\t<\/article>\r\n\t\r\n\t\t<article class=\"tm-post-box tm-box col-lg-4 col-sm-6 col-md-4 col-xs-12 thememount-blogbox-format-standard \">\r\n\t\t\t<div class=\"post-item\">\r\n\t\t\t\t<div class=\"post-item-thumbnail\">\r\n\t\t\t\t\t<div class=\"post-item-thumbnail-inner\">\r\n\t\t\t\t\t\t<div class=\"thememount-blog-media entry-thumbnail\"><img width=\"680\" height=\"361\" src=\"https:\/\/www.hotech360.com\/wp-content\/uploads\/2016\/06\/room_tv.jpg\" class=\"attachment-blog-three-column size-blog-three-column wp-post-image\" alt=\"\" decoding=\"async\" loading=\"lazy\" srcset=\"https:\/\/www.hotech360.com\/wp-content\/uploads\/2016\/06\/room_tv.jpg 680w, https:\/\/www.hotech360.com\/wp-content\/uploads\/2016\/06\/room_tv-300x159.jpg 300w\" sizes=\"(max-width: 680px) 100vw, 680px\" \/><a href=\"https:\/\/www.hotech360.com\/tr\/melia-ria-hotel-spa-upgrades-guest-facing-technology\/\"><span class=\"overthumb\"><i class=\"tm-social-icon-plus\"><\/i><\/span><\/a><\/div>\r\n\t\t\t\t\t\t<a href=\"https:\/\/www.hotech360.com\/tr\/melia-ria-hotel-spa-upgrades-guest-facing-technology\/\"><span class=\"overthumb\"><i class=\"tm-social-icon-plus\"><\/i><\/span><\/a>\r\n\t\t\t\t\t<\/div>\r\n\t\t\t\t\t\r\n\t\t\t\t<\/div>\r\n\t\t\t\t<div class=\"tm-item-content\">\r\n\t\t\t\t\t<h4><a href=\"https:\/\/www.hotech360.com\/tr\/melia-ria-hotel-spa-upgrades-guest-facing-technology\/\">Alman Acenteler Antalyada Bulu\u015ftu.<\/a><\/h4>\t\t\t\r\n\t\t\t\t\t<div class=\"tm-blogbox-footer-meta\">\r\n\t\t\t\t\t\t<div class=\"tm-blogbox-date\"><i class=\"demo-icon tm-social-icon-calendar\"><\/i> Cumartesi Haziran 18th, 2016<\/div>\r\n\t\t\t\t\t\t<div class=\"tm-blogbox-comment\"><i class=\"demo-icon tm-social-icon-comment-1\"><\/i> <\/div>\r\n\t\t\t\t\t<\/div>\t\r\n\t\t\t\t\t<div class=\"thememount-blogbox-desc\">\r\n\t\t\t\t\t\tAlmanya\u2019n\u0131n \u00f6nde gelen 120 seyahat acentas\u0131n\u0131n \u00fcst d\u00fczey y\u00f6neticileri, Rixos Beldibi\u2019nde Tropo\u2019nun d\u00fczenledi\u011fi bir organizasyonla biraraya geldiler.<div class=\"thememount-post-readmore\"><a href=\"https:\/\/www.hotech360.com\/tr\/melia-ria-hotel-spa-upgrades-guest-facing-technology\/\" class=\"more-link tm-post-read-more-link\">Devam\u0131n\u0131 Oku<i class=\"tm-social-icon-angle-double-right\"><\/i><\/a><\/div>\r\n\t\t\t\t\t<\/div>\r\n\t\t\t\t<\/div>\r\n\t\t\t<\/div>\r\n\t\t<\/article>\r\n\t\r\n\t\t<article class=\"tm-post-box tm-box col-lg-4 col-sm-6 col-md-4 col-xs-12 thememount-blogbox-format-standard \">\r\n\t\t\t<div class=\"post-item\">\r\n\t\t\t\t<div class=\"post-item-thumbnail\">\r\n\t\t\t\t\t<div class=\"post-item-thumbnail-inner\">\r\n\t\t\t\t\t\t<div class=\"thememount-blog-media entry-thumbnail\"><img width=\"712\" height=\"390\" src=\"https:\/\/www.hotech360.com\/wp-content\/uploads\/2016\/06\/morning-brief-property-management-large-712x390.jpg\" class=\"attachment-blog-three-column size-blog-three-column wp-post-image\" alt=\"\" decoding=\"async\" loading=\"lazy\" \/><a href=\"https:\/\/www.hotech360.com\/tr\/15-things-you-need-to-know-this-morning\/\"><span class=\"overthumb\"><i class=\"tm-social-icon-plus\"><\/i><\/span><\/a><\/div>\r\n\t\t\t\t\t\t<a href=\"https:\/\/www.hotech360.com\/tr\/15-things-you-need-to-know-this-morning\/\"><span class=\"overthumb\"><i class=\"tm-social-icon-plus\"><\/i><\/span><\/a>\r\n\t\t\t\t\t<\/div>\r\n\t\t\t\t\t\r\n\t\t\t\t<\/div>\r\n\t\t\t\t<div class=\"tm-item-content\">\r\n\t\t\t\t\t<h4><a href=\"https:\/\/www.hotech360.com\/tr\/15-things-you-need-to-know-this-morning\/\">Ba\u015far\u0131l\u0131 Bir Online Kampanya Y\u00fcr\u00fctmek i\u00e7in At\u0131lmas\u0131 Gereken Ad\u0131mlar<\/a><\/h4>\t\t\t\r\n\t\t\t\t\t<div class=\"tm-blogbox-footer-meta\">\r\n\t\t\t\t\t\t<div class=\"tm-blogbox-date\"><i class=\"demo-icon tm-social-icon-calendar\"><\/i> Cumartesi Haziran 18th, 2016<\/div>\r\n\t\t\t\t\t\t<div class=\"tm-blogbox-comment\"><i class=\"demo-icon tm-social-icon-comment-1\"><\/i> <\/div>\r\n\t\t\t\t\t<\/div>\t\r\n\t\t\t\t\t<div class=\"thememount-blogbox-desc\">\r\n\t\t\t\t\t\t[vc_row][vc_column][vc_column_text]Dijital \u00e7a\u011f, b\u00fct\u00fcn sekt\u00f6rleri oldu\u011fu gibi seyahat sekt\u00f6r\u00fcn\u00fc de derinden sarst\u0131. Tatille alakal\u0131 payla\u015f\u0131mlar\u0131n kullan\u0131c\u0131lar\u0131n sosyal medya payla\u015f\u0131mlar\u0131nda b\u00fcy\u00fck yer kaplamas\u0131, seyahat ara\u015ft\u0131rmalar\u0131n\u0131n art\u0131k b\u00fcy\u00fck \u00f6l\u00e7\u00fcde online kanallardan yap\u0131lmas\u0131 ve son olarak sat\u0131n alma i\u015flemlerinde de online kanallar\u0131n h\u0131zla di\u011fer kanallar aras\u0131nda \u00f6ne \u00e7\u0131kmas\u0131, bu alanda etkin \u015fekilde var olmay\u0131 seyahat sekt\u00f6r\u00fc i\u00e7in ka\u00e7\u0131n\u0131lmaz bir hale getiriyor. \u0130\u015fte online pazarlamada ba\u015far\u0131l\u0131 olman\u0131z\u0131 sa\u011flayacak 6 \u00f6nemli ad\u0131m...<br \/>\r\n<br \/>\r\n<img class=\"alignnone size-full wp-image-4675\" src=\"http:\/\/www.hotech360.com\/wp-content\/uploads\/2016\/06\/online-marketing.jpg\" alt=\"online-marketing\" width=\"640\" height=\"404\" \/><br \/>\r\n<br \/>\r\nT\u00fcm seyahat ve turizm \u015firketleri online kanallarda kendine yer a\u00e7maya \u00e7al\u0131\u015fsa da, dev \u015firketler aras\u0131nda \u00f6ne \u00e7\u0131karak t\u00fcketiciyle daha fazla bulu\u015fabilmek i\u00e7in iyi d\u00fc\u015f\u00fcn\u00fclm\u00fc\u015f ad\u0131mlar at\u0131lmas\u0131 gerekiyor. Bunun yolu da, uygun stratejilerle \u00f6ncelikle t\u00fcketicileri yakalamak, ard\u0131ndan da sat\u0131n almaya te\u015fvik etmekten ge\u00e7iyor. \u0130\u015fte ileti\u015fim ve halkla ili\u015fkiler alan\u0131nda turizm \u015firketlerine dan\u0131\u015fmanl\u0131k yapan, Jumia Travel Global PR M\u00fcd\u00fcr Yard\u0131mc\u0131s\u0131 Josephine Wawira\u2019n\u0131n Hospitality.net'te kaleme ald\u0131\u011f\u0131 ba\u015far\u0131 garantili online pazarlama stratejileri...<br \/>\r\n<br \/>\r\n<strong>ARA\u015eTIRMA:<\/strong> Hedefinizi belirledikten sonra, piyasay\u0131 analiz etmek, rakiplerinizi tan\u0131mak, ni\u015f pazar\u0131n\u0131z\u0131 tan\u0131mlamak ve hedef kitlenizi belirlemek i\u00e7in ayr\u0131nt\u0131l\u0131 bir ara\u015ft\u0131rmaya ba\u015flay\u0131n. Bu \u015fekilde, yat\u0131r\u0131m\u0131n\u0131z\u0131 nerede yapaca\u011f\u0131n\u0131z\u0131 bilmeniz ve olumlu bir sonu\u00e7 alman\u0131z kolayla\u015facakt\u0131r.<br \/>\r\n<br \/>\r\n<strong>SOSYAL MEDYA:<\/strong> Twitter, Facebook, YouTube, LinkedIn ve Google + gibi platformlarda var olmak t\u00fcm \u015firketler i\u00e7in \u00e7ok \u00f6nemli. Ancak, bu alanlarda yaln\u0131zca sosyal medya g\u00f6r\u00fcn\u00fcm\u00fcne sahip olmak i\u00e7in de\u011fil, markan\u0131zla takip\u00e7ileriniz aras\u0131nda g\u00fcvenilir ve inand\u0131r\u0131c\u0131 bir ili\u015fki yaratmak i\u00e7in faaliyet g\u00f6stermelisiniz. Sosyal a\u011flar arac\u0131l\u0131\u011f\u0131yla \u015firket \/ markan\u0131zla etkile\u015fim kurmak i\u00e7in bir topluluk ve bir platform olu\u015fturun. Bu ama\u00e7la \u2018hashtag\u2019 gibi y\u00f6ntemleri izleyebilirsiniz. Ayr\u0131ca, m\u00fc\u015fterilerin sorular\u0131n\u0131 ve endi\u015felerini yan\u0131tlay\u0131n. Bu tav\u0131r, onlara m\u00fc\u015fterilerinizin \u2018umurunuzda oldu\u011funu\u2019 g\u00f6sterecektir.<br \/>\r\n<br \/>\r\n<strong>BLOG:<\/strong> \u0130nternet sitenizin bir blog b\u00f6l\u00fcm\u00fc var m\u0131? E\u011fer yoksa, zaten tam potansiyeline ula\u015fmam\u0131\u015f olan internet siteniz, \u00e7ok daha fazla potansiyel ziyaret\u00e7i kaybediyor demektir. \u0130nternet sitenize bir blog b\u00f6l\u00fcm\u00fc entegre ederek, yaln\u0131zca kendi \u00fcr\u00fcn ve hizmetleriniz hakk\u0131nda de\u011fil, ayn\u0131 zamanda t\u00fcm sekt\u00f6r hakk\u0131nda m\u00fc\u015fterilerinize bilgi vererek, daha fazla g\u00fcven yaratma konusunda ciddi yol kat edebilirsiniz. Bu sebeple, geribildirim alabilece\u011finiz ve sosyal medya siteleri arac\u0131l\u0131\u011f\u0131yla payla\u015f\u0131labilir se\u00e7enekler i\u00e7eren etkile\u015fimli bir blog b\u00f6l\u00fcm\u00fcn\u00fcz oldu\u011fundan emin olun.<br \/>\r\n<br \/>\r\n<strong>ARAMA MOTORU OPT\u0130M\u0130ZASYONU:<\/strong> SEO, basit anlam\u0131yla internet sitenize do\u011fru daha fazla trafik kazanmak anlam\u0131na geliyor. Bu alanda ba\u015far\u0131ya, sitenizi t\u00fcm arama motorlar\u0131nda daha g\u00f6r\u00fcn\u00fcr hale getirerek, \u00f6zellikle de \u00f6zg\u00fcn i\u00e7erikler olu\u015fturarak ula\u015fabilirsiniz. Kaliteli trafi\u011fi internet sitenize \u00e7ekmek i\u00e7in, \u00e7evrimi\u00e7i varl\u0131\u011f\u0131n\u0131z i\u00e7in ihtiya\u00e7 duydu\u011funuz i\u00e7erik t\u00fcr\u00fcn\u00fc anlay\u0131n ve \u00fcr\u00fcn\u00fcn\u00fcz \/ hizmetinizle e\u015fle\u015fen ve s\u0131k s\u0131k aran\u0131lan anahtar kelimeler kullan\u0131n.<br \/>\r\n<br \/>\r\n<strong>MOB\u0130L PAZARLAMA:<\/strong> Cep telefonlar\u0131na, \u00f6zellikle de ak\u0131ll\u0131 telefonlara n\u00fcfuz etme, dijital pazarlaman\u0131n \u00f6nemli bir par\u00e7as\u0131 haline geldi. \u0130nternet sitenizi, mobil cihazlarla senkronize olacak \u015fekilde tasarlay\u0131n. Bunu, m\u00fc\u015fterilerinizin markan\u0131zla kendi konforlu ortamlar\u0131nda ve yaln\u0131zca parmaklar\u0131n\u0131n ucunu kullanarak sorunsuz bir \u015fekilde etkile\u015fime girmesini sa\u011flayan, \u2018extranet\u2019 gibi mobil uygulamalar arac\u0131l\u0131\u011f\u0131yla yapabilirsiniz.<br \/>\r\n<br \/>\r\n<strong>E-POSTA PAZARLAMASI:<\/strong> E-posta, denenmi\u015f ve test edilmi\u015f bir stratejidir ve e\u011fer iyi kullan\u0131l\u0131rsa, herhangi bir pazarlama kampanyas\u0131n\u0131 ba\u015far\u0131ya ula\u015ft\u0131rabilir. Bu alanda ba\u015far\u0131ya ula\u015fmak i\u00e7in, internet sitenize ba\u011flanan m\u00fckemmel bir \u015fablon tasar\u0131m\u0131 olu\u015fturmak \u00f6nemlidir. Ayr\u0131ca, e-posta kullan\u0131c\u0131lar\u0131n\u0131n \u00e7o\u011funun mobil oldu\u011funu ve e-postalar\u0131n\u0131n \u00e7o\u011funa ak\u0131ll\u0131 telefonlar\u0131 ve \/ veya tabletleri arac\u0131l\u0131\u011f\u0131yla eri\u015fmeyi tercih ettiklerini akl\u0131n\u0131zda tutman\u0131zda fayda var. Bu y\u00fczden, pazarlama postalar\u0131n\u0131z\u0131 mobil cihazlar i\u00e7in optimize etmeniz ve potansiyel m\u00fc\u015fterilerinizi ger\u00e7ek m\u00fc\u015fterilere d\u00f6n\u00fc\u015ft\u00fcrmek i\u00e7in servisleriniz \/ \u00fcr\u00fcnleriniz hakk\u0131nda d\u00fczenli e-postalar g\u00f6ndermeniz i\u015finize yarayacakt\u0131r.[\/vc_column_text][\/vc_column][\/vc_row]\r\n\t\t\t\t\t<\/div>\r\n\t\t\t\t<\/div>\r\n\t\t\t<\/div>\r\n\t\t<\/article>\r\n\t<\/div><\/div><\/div>[\/vc_column][\/vc_row]<\/p>","protected":false},"excerpt":{"rendered":"<p>[vc_row][vc_column][\/vc_column][\/vc_row]<\/p>\n","protected":false},"author":5,"featured_media":0,"parent":0,"menu_order":41,"comment_status":"closed","ping_status":"closed","template":"","meta":[],"_links":{"self":[{"href":"https:\/\/www.hotech360.com\/tr\/wp-json\/wp\/v2\/pages\/3691"}],"collection":[{"href":"https:\/\/www.hotech360.com\/tr\/wp-json\/wp\/v2\/pages"}],"about":[{"href":"https:\/\/www.hotech360.com\/tr\/wp-json\/wp\/v2\/types\/page"}],"author":[{"embeddable":true,"href":"https:\/\/www.hotech360.com\/tr\/wp-json\/wp\/v2\/users\/5"}],"replies":[{"embeddable":true,"href":"https:\/\/www.hotech360.com\/tr\/wp-json\/wp\/v2\/comments?post=3691"}],"version-history":[{"count":0,"href":"https:\/\/www.hotech360.com\/tr\/wp-json\/wp\/v2\/pages\/3691\/revisions"}],"wp:attachment":[{"href":"https:\/\/www.hotech360.com\/tr\/wp-json\/wp\/v2\/media?parent=3691"}],"curies":[{"name":"wp","href":"https:\/\/api.w.org\/{rel}","templated":true}]}}