{"id":3783,"date":"2016-09-08T09:56:59","date_gmt":"2016-09-08T09:56:59","guid":{"rendered":"http:\/\/apicona-advanced-data.thememount.com\/?page_id=3783"},"modified":"2016-11-14T09:30:41","modified_gmt":"2016-11-14T09:30:41","slug":"structural-cabling","status":"publish","type":"page","link":"https:\/\/www.hotech360.com\/tr\/structural-cabling\/","title":{"rendered":"Yap\u0131sal Kablolama"},"content":{"rendered":"<p>[vc_row][vc_column][vc_custom_heading text=&#8221;Yap\u0131sal Kablolama&#8221; use_theme_fonts=&#8221;yes&#8221;][vc_column_text css=&#8221;.vc_custom_1479115772532{margin-top: 20px !important;}&#8221;]<a href=\"http:\/\/www.hotech360.com\/wp-content\/uploads\/2016\/09\/yapisal-kablolama.jpg\"><img decoding=\"async\" loading=\"lazy\" class=\"alignnone size-full wp-image-4252\" src=\"http:\/\/www.hotech360.com\/wp-content\/uploads\/2016\/09\/yapisal-kablolama.jpg\" alt=\"yapisal-kablolama\" width=\"705\" height=\"250\" srcset=\"https:\/\/www.hotech360.com\/wp-content\/uploads\/2016\/09\/yapisal-kablolama.jpg 705w, https:\/\/www.hotech360.com\/wp-content\/uploads\/2016\/09\/yapisal-kablolama-300x106.jpg 300w\" sizes=\"(max-width: 705px) 100vw, 705px\" \/><\/a><\/p>\n<p><i class=\"tm-skincolor fa fa-chevron-right\"><\/i> Bak\u0131r Kablo \u00c7\u00f6z\u00fcmleri<br \/>\n<i class=\"tm-skincolor fa fa-chevron-right\"><\/i> Fiber Kablo \u00c7\u00f6z\u00fcmleri,<br \/>\n<i class=\"tm-skincolor fa fa-chevron-right\"><\/i> G-PON (Gigabit Passive Optic Network) Alt Yap\u0131 \u00c7\u00f6z\u00fcmleri,<br \/>\n[\/vc_column_text][\/vc_column][\/vc_row]<\/p>","protected":false},"excerpt":{"rendered":"<p>[vc_row][vc_column][vc_custom_heading text=&#8221;Yap\u0131sal Kablolama&#8221; use_theme_fonts=&#8221;yes&#8221;][vc_column_text css=&#8221;.vc_custom_1479115772532{margin-top: 20px !important;}&#8221;] Bak\u0131r Kablo \u00c7\u00f6z\u00fcmleri Fiber Kablo \u00c7\u00f6z\u00fcmleri, G-PON (Gigabit Passive Optic Network) Alt Yap\u0131 \u00c7\u00f6z\u00fcmleri, [\/vc_column_text][\/vc_column][\/vc_row]<\/p>\n","protected":false},"author":5,"featured_media":0,"parent":0,"menu_order":19,"comment_status":"closed","ping_status":"closed","template":"","meta":[],"_links":{"self":[{"href":"https:\/\/www.hotech360.com\/tr\/wp-json\/wp\/v2\/pages\/3783"}],"collection":[{"href":"https:\/\/www.hotech360.com\/tr\/wp-json\/wp\/v2\/pages"}],"about":[{"href":"https:\/\/www.hotech360.com\/tr\/wp-json\/wp\/v2\/types\/page"}],"author":[{"embeddable":true,"href":"https:\/\/www.hotech360.com\/tr\/wp-json\/wp\/v2\/users\/5"}],"replies":[{"embeddable":true,"href":"https:\/\/www.hotech360.com\/tr\/wp-json\/wp\/v2\/comments?post=3783"}],"version-history":[{"count":0,"href":"https:\/\/www.hotech360.com\/tr\/wp-json\/wp\/v2\/pages\/3783\/revisions"}],"wp:attachment":[{"href":"https:\/\/www.hotech360.com\/tr\/wp-json\/wp\/v2\/media?parent=3783"}],"curies":[{"name":"wp","href":"https:\/\/api.w.org\/{rel}","templated":true}]}}