{"id":4002,"date":"2016-09-30T14:15:59","date_gmt":"2016-09-30T14:15:59","guid":{"rendered":"http:\/\/www.hotech360.com\/?page_id=4002"},"modified":"2016-11-17T06:44:02","modified_gmt":"2016-11-17T06:44:02","slug":"hotel-building-management-systems","status":"publish","type":"page","link":"https:\/\/www.hotech360.com\/tr\/hotel-building-management-systems\/","title":{"rendered":"Hotel \/ Bina Y\u00f6netim Sistemleri"},"content":{"rendered":"<p>[vc_row][vc_column]<div class=\"tm-element-heading-wrapper tm-heading-inner tm-element-align-left \">[vc_cta text=\"Hotel \/ Bina Y\u00f6netim Sistemleri \"  h2_google_fonts=\"font_family:Arimo%3Aregular%2Citalic%2C700%2C700italic|font_style:700%20bold%20regular%3A700%3Anormal\"  h4_google_fonts=\"font_family:Lato%3A100%2C100italic%2C300%2C300italic%2Cregular%2Citalic%2C700%2C700italic%2C900%2C900italic|font_style:300%20light%20regular%3A300%3Anormal\"  align=\"left\"  heading_sep=\"no\"  tag=\"h2\"  h2=\"Hotel \/ Bina Y\u00f6netim Sistemleri \"  txt_align=\"left\"  i_css_animation=\"\" css_animation=\"\"][\/vc_cta]<\/div> <!-- .tm-element-heading-wrapper container --> [vc_column_text]<img decoding=\"async\" loading=\"lazy\" class=\"alignnone size-full wp-image-4280\" src=\"http:\/\/www.hotech360.com\/wp-content\/uploads\/2016\/09\/property-management.jpg\" alt=\"property-management\" width=\"750\" height=\"375\" srcset=\"https:\/\/www.hotech360.com\/wp-content\/uploads\/2016\/09\/property-management.jpg 750w, https:\/\/www.hotech360.com\/wp-content\/uploads\/2016\/09\/property-management-300x150.jpg 300w\" sizes=\"(max-width: 750px) 100vw, 750px\" \/><\/p>\n<p><i class=\"tm-skincolor fa fa-chevron-right\"><\/i> \u00d6nb\u00fcro Y\u00f6netim Sistemi &#8211; PMS<\/p>\n<p><i class=\"tm-skincolor fa fa-chevron-right\"><\/i> Sat\u0131\u015f ve Ziyafet Y\u00f6netim Sistemi &#8211; S&amp;C<\/p>\n<p><i class=\"tm-skincolor fa fa-chevron-right\"><\/i> Stok ve Maliyet Kontrol Sistemleri,<\/p>\n<p><i class=\"tm-skincolor fa fa-chevron-right\"><\/i> Muhasebe ve Finansal Raporlar,<\/p>\n<p><i class=\"tm-skincolor fa fa-chevron-right\"><\/i> Personel Bordro ve Devam Takip Sistemleri &#8211; \u0130nsan Kaynaklar\u0131 Sistemleri,<\/p>\n<p><i class=\"tm-skincolor fa fa-chevron-right\"><\/i> Hotel\/bina Bilgilendirme Sistemleri (Info Board-Digital Signage)<\/p>\n<p><i class=\"tm-skincolor fa fa-chevron-right\"><\/i> \u0130nternet Guvenlik Uygulamalar\u0131 (HOTSPOT)<\/p>\n<p><i class=\"tm-skincolor fa fa-chevron-right\"><\/i> CRM Uygulamalar\u0131,<\/p>\n<p><i class=\"tm-skincolor fa fa-chevron-right\"><\/i> Sadakat Sistemi Uygulamalar\u0131 (LOYALTY)<\/p>\n<p><i class=\"tm-skincolor fa fa-chevron-right\"><\/i> Bina Y\u00f6netim Sistemleri,[\/vc_column_text][\/vc_column][\/vc_row]<\/p>","protected":false},"excerpt":{"rendered":"<p>[vc_row][vc_column][vc_column_text] \u00d6nb\u00fcro Y\u00f6netim Sistemi &#8211; PMS Sat\u0131\u015f ve Ziyafet Y\u00f6netim Sistemi &#8211; S&amp;C Stok ve Maliyet Kontrol Sistemleri, Muhasebe ve Finansal Raporlar, Personel Bordro ve Devam Takip Sistemleri &#8211; \u0130nsan Kaynaklar\u0131 Sistemleri, Hotel\/bina Bilgilendirme Sistemleri (Info Board-Digital Signage) \u0130nternet Guvenlik Uygulamalar\u0131 (HOTSPOT) CRM Uygulamalar\u0131, Sadakat Sistemi Uygulamalar\u0131 (LOYALTY) Bina Y\u00f6netim Sistemleri,[\/vc_column_text][\/vc_column][\/vc_row]<\/p>\n","protected":false},"author":5,"featured_media":0,"parent":0,"menu_order":19,"comment_status":"closed","ping_status":"closed","template":"","meta":[],"_links":{"self":[{"href":"https:\/\/www.hotech360.com\/tr\/wp-json\/wp\/v2\/pages\/4002"}],"collection":[{"href":"https:\/\/www.hotech360.com\/tr\/wp-json\/wp\/v2\/pages"}],"about":[{"href":"https:\/\/www.hotech360.com\/tr\/wp-json\/wp\/v2\/types\/page"}],"author":[{"embeddable":true,"href":"https:\/\/www.hotech360.com\/tr\/wp-json\/wp\/v2\/users\/5"}],"replies":[{"embeddable":true,"href":"https:\/\/www.hotech360.com\/tr\/wp-json\/wp\/v2\/comments?post=4002"}],"version-history":[{"count":0,"href":"https:\/\/www.hotech360.com\/tr\/wp-json\/wp\/v2\/pages\/4002\/revisions"}],"wp:attachment":[{"href":"https:\/\/www.hotech360.com\/tr\/wp-json\/wp\/v2\/media?parent=4002"}],"curies":[{"name":"wp","href":"https:\/\/api.w.org\/{rel}","templated":true}]}}