{"id":4003,"date":"2016-09-30T14:16:04","date_gmt":"2016-09-30T14:16:04","guid":{"rendered":"http:\/\/www.hotech360.com\/?page_id=4003"},"modified":"2016-11-14T11:12:26","modified_gmt":"2016-11-14T11:12:26","slug":"inroom-entertainment","status":"publish","type":"page","link":"https:\/\/www.hotech360.com\/tr\/inroom-entertainment\/","title":{"rendered":"Inroom E\u011flence"},"content":{"rendered":"<p>[vc_row][vc_column]<div class=\"tm-element-heading-wrapper tm-heading-inner tm-element-align-left \">[vc_cta text=\"Inroom E\u011flence\"  h2_google_fonts=\"font_family:Arimo%3Aregular%2Citalic%2C700%2C700italic|font_style:700%20bold%20regular%3A700%3Anormal\"  h4_google_fonts=\"font_family:Lato%3A100%2C100italic%2C300%2C300italic%2Cregular%2Citalic%2C700%2C700italic%2C900%2C900italic|font_style:300%20light%20regular%3A300%3Anormal\"  align=\"left\"  heading_sep=\"no\"  tag=\"h2\"  h2=\"Inroom E\u011flence\"  txt_align=\"left\"  i_css_animation=\"\" css_animation=\"\"][\/vc_cta]<\/div> <!-- .tm-element-heading-wrapper container --> [vc_column_text]<img decoding=\"async\" loading=\"lazy\" class=\"alignnone wp-image-4277 size-large\" src=\"http:\/\/www.hotech360.com\/wp-content\/uploads\/2016\/09\/inroom-1024x326.jpg\" alt=\"inroom\" width=\"727\" height=\"231\" srcset=\"https:\/\/www.hotech360.com\/wp-content\/uploads\/2016\/09\/inroom-1024x326.jpg 1024w, https:\/\/www.hotech360.com\/wp-content\/uploads\/2016\/09\/inroom-300x95.jpg 300w, https:\/\/www.hotech360.com\/wp-content\/uploads\/2016\/09\/inroom-768x244.jpg 768w, https:\/\/www.hotech360.com\/wp-content\/uploads\/2016\/09\/inroom.jpg 1100w\" sizes=\"(max-width: 727px) 100vw, 727px\" \/><\/p>\n<p><i class=\"tm-skincolor fa fa-chevron-right\"><\/i> Ip Tv \u00c7\u00f6z\u00fcmleri,<\/p>\n<p><i class=\"tm-skincolor fa fa-chevron-right\"><\/i> Inroom E\u011flence \u00c7\u00f6z\u00fcmleri (vod),<\/p>\n<p><i class=\"tm-skincolor fa fa-chevron-right\"><\/i> Ip\/Analog\/Digital Telefon \u00dcr\u00fcnleri,<\/p>\n<p><i class=\"tm-skincolor fa fa-chevron-right\"><\/i> Media Hub \u00dcr\u00fcn Ve \u00c7\u00f6z\u00fcmleri[\/vc_column_text][\/vc_column][\/vc_row]<\/p>","protected":false},"excerpt":{"rendered":"<p>[vc_row][vc_column][vc_column_text] Ip Tv \u00c7\u00f6z\u00fcmleri, Inroom E\u011flence \u00c7\u00f6z\u00fcmleri (vod), Ip\/Analog\/Digital Telefon \u00dcr\u00fcnleri, Media Hub \u00dcr\u00fcn Ve \u00c7\u00f6z\u00fcmleri[\/vc_column_text][\/vc_column][\/vc_row]<\/p>\n","protected":false},"author":5,"featured_media":0,"parent":0,"menu_order":19,"comment_status":"closed","ping_status":"closed","template":"","meta":[],"_links":{"self":[{"href":"https:\/\/www.hotech360.com\/tr\/wp-json\/wp\/v2\/pages\/4003"}],"collection":[{"href":"https:\/\/www.hotech360.com\/tr\/wp-json\/wp\/v2\/pages"}],"about":[{"href":"https:\/\/www.hotech360.com\/tr\/wp-json\/wp\/v2\/types\/page"}],"author":[{"embeddable":true,"href":"https:\/\/www.hotech360.com\/tr\/wp-json\/wp\/v2\/users\/5"}],"replies":[{"embeddable":true,"href":"https:\/\/www.hotech360.com\/tr\/wp-json\/wp\/v2\/comments?post=4003"}],"version-history":[{"count":0,"href":"https:\/\/www.hotech360.com\/tr\/wp-json\/wp\/v2\/pages\/4003\/revisions"}],"wp:attachment":[{"href":"https:\/\/www.hotech360.com\/tr\/wp-json\/wp\/v2\/media?parent=4003"}],"curies":[{"name":"wp","href":"https:\/\/api.w.org\/{rel}","templated":true}]}}