{"id":4004,"date":"2016-09-30T14:16:05","date_gmt":"2016-09-30T14:16:05","guid":{"rendered":"http:\/\/www.hotech360.com\/?page_id=4004"},"modified":"2016-11-17T06:34:52","modified_gmt":"2016-11-17T06:34:52","slug":"card-entrance-systems","status":"publish","type":"page","link":"https:\/\/www.hotech360.com\/tr\/card-entrance-systems\/","title":{"rendered":"Kartl\u0131 Giri\u015f Sistemleri"},"content":{"rendered":"<p>[vc_row][vc_column]<div class=\"tm-element-heading-wrapper tm-heading-inner tm-element-align-left \">[vc_cta text=\"Kartl\u0131 Giri\u015f Sistemleri\"  h2_google_fonts=\"font_family:Arimo%3Aregular%2Citalic%2C700%2C700italic|font_style:700%20bold%20regular%3A700%3Anormal\"  h4_google_fonts=\"font_family:Lato%3A100%2C100italic%2C300%2C300italic%2Cregular%2Citalic%2C700%2C700italic%2C900%2C900italic|font_style:300%20light%20regular%3A300%3Anormal\"  align=\"left\"  heading_sep=\"no\"  tag=\"h2\"  h2=\"Kartl\u0131 Giri\u015f Sistemleri\"  txt_align=\"left\"  i_css_animation=\"\" css_animation=\"\"][\/vc_cta]<\/div> <!-- .tm-element-heading-wrapper container --> [vc_column_text]<img decoding=\"async\" loading=\"lazy\" class=\"alignnone size-full wp-image-4272\" src=\"http:\/\/www.hotech360.com\/wp-content\/uploads\/2016\/09\/Security-Access-Card.jpg\" alt=\"security-access-card\" width=\"690\" height=\"300\" srcset=\"https:\/\/www.hotech360.com\/wp-content\/uploads\/2016\/09\/Security-Access-Card.jpg 690w, https:\/\/www.hotech360.com\/wp-content\/uploads\/2016\/09\/Security-Access-Card-300x130.jpg 300w\" sizes=\"(max-width: 690px) 100vw, 690px\" \/><\/p>\n<p><i class=\"tm-skincolor fa fa-chevron-right\"><\/i> G\u00fcvenlik Kartl\u0131 Ge\u00e7i\u015f Sistemleri (Access Control),<\/p>\n<p><i class=\"tm-skincolor fa fa-chevron-right\"><\/i> \u00c7al\u0131\u015fan Kartl\u0131 Ge\u00e7i\u015f Sistemleri (PDKS),<\/p>\n<p><i class=\"tm-skincolor fa fa-chevron-right\"><\/i> Misafir Kartl\u0131 Giri\u015f Kontrol Sistemleri[\/vc_column_text][\/vc_column][\/vc_row]<\/p>","protected":false},"excerpt":{"rendered":"<p>[vc_row][vc_column][vc_column_text] G\u00fcvenlik Kartl\u0131 Ge\u00e7i\u015f Sistemleri (Access Control), \u00c7al\u0131\u015fan Kartl\u0131 Ge\u00e7i\u015f Sistemleri (PDKS), Misafir Kartl\u0131 Giri\u015f Kontrol Sistemleri[\/vc_column_text][\/vc_column][\/vc_row]<\/p>\n","protected":false},"author":5,"featured_media":0,"parent":0,"menu_order":19,"comment_status":"closed","ping_status":"closed","template":"","meta":[],"_links":{"self":[{"href":"https:\/\/www.hotech360.com\/tr\/wp-json\/wp\/v2\/pages\/4004"}],"collection":[{"href":"https:\/\/www.hotech360.com\/tr\/wp-json\/wp\/v2\/pages"}],"about":[{"href":"https:\/\/www.hotech360.com\/tr\/wp-json\/wp\/v2\/types\/page"}],"author":[{"embeddable":true,"href":"https:\/\/www.hotech360.com\/tr\/wp-json\/wp\/v2\/users\/5"}],"replies":[{"embeddable":true,"href":"https:\/\/www.hotech360.com\/tr\/wp-json\/wp\/v2\/comments?post=4004"}],"version-history":[{"count":0,"href":"https:\/\/www.hotech360.com\/tr\/wp-json\/wp\/v2\/pages\/4004\/revisions"}],"wp:attachment":[{"href":"https:\/\/www.hotech360.com\/tr\/wp-json\/wp\/v2\/media?parent=4004"}],"curies":[{"name":"wp","href":"https:\/\/api.w.org\/{rel}","templated":true}]}}