{"id":4005,"date":"2016-09-30T14:16:06","date_gmt":"2016-09-30T14:16:06","guid":{"rendered":"http:\/\/www.hotech360.com\/?page_id=4005"},"modified":"2016-11-17T06:25:16","modified_gmt":"2016-11-17T06:25:16","slug":"cctv","status":"publish","type":"page","link":"https:\/\/www.hotech360.com\/tr\/cctv\/","title":{"rendered":"G\u00fcvenlik Kameralar\u0131 ( CCTV )"},"content":{"rendered":"<p>[vc_row][vc_column]<div class=\"tm-element-heading-wrapper tm-heading-inner tm-element-align-left \">[vc_cta text=\"G\u00fcvenlik Kameralar\u0131 ( CCTV )\"  h2_google_fonts=\"font_family:Arimo%3Aregular%2Citalic%2C700%2C700italic|font_style:700%20bold%20regular%3A700%3Anormal\"  h4_google_fonts=\"font_family:Lato%3A100%2C100italic%2C300%2C300italic%2Cregular%2Citalic%2C700%2C700italic%2C900%2C900italic|font_style:300%20light%20regular%3A300%3Anormal\"  align=\"left\"  heading_sep=\"no\"  tag=\"h2\"  h2=\"G\u00fcvenlik Kameralar\u0131 ( CCTV )\"  txt_align=\"left\"  i_css_animation=\"\" css_animation=\"\"][\/vc_cta]<\/div> <!-- .tm-element-heading-wrapper container --> [vc_column_text]<\/p>\n<p class=\"Default\"><big><span lang=\"EN-US\"><a href=\"http:\/\/www.hotech360.com\/wp-content\/uploads\/2016\/09\/security-systems.jpg\"><img decoding=\"async\" loading=\"lazy\" class=\"alignnone size-full wp-image-4362\" src=\"http:\/\/www.hotech360.com\/wp-content\/uploads\/2016\/09\/security-systems.jpg\" alt=\"security-systems\" width=\"790\" height=\"260\" srcset=\"https:\/\/www.hotech360.com\/wp-content\/uploads\/2016\/09\/security-systems.jpg 790w, https:\/\/www.hotech360.com\/wp-content\/uploads\/2016\/09\/security-systems-300x99.jpg 300w, https:\/\/www.hotech360.com\/wp-content\/uploads\/2016\/09\/security-systems-768x253.jpg 768w\" sizes=\"(max-width: 790px) 100vw, 790px\" \/><\/a><\/span><\/big><\/p>\n<p><i class=\"tm-skincolor fa fa-chevron-right\"><\/i>CCTV Ip Altyap\u0131s\u0131,<br \/>\n<i class=\"tm-skincolor fa fa-chevron-right\"><\/i>CCTV Coax Altyap\u0131s\u0131,<br \/>\n<i class=\"tm-skincolor fa fa-chevron-right\"><\/i>CCTV Karma (Hybrid) Altyap\u0131s\u0131[\/vc_column_text][\/vc_column][\/vc_row]<\/p>","protected":false},"excerpt":{"rendered":"<p>[vc_row][vc_column][vc_column_text] CCTV Ip Altyap\u0131s\u0131, CCTV Coax Altyap\u0131s\u0131, CCTV Karma (Hybrid) Altyap\u0131s\u0131[\/vc_column_text][\/vc_column][\/vc_row]<\/p>\n","protected":false},"author":5,"featured_media":0,"parent":0,"menu_order":19,"comment_status":"closed","ping_status":"closed","template":"","meta":[],"_links":{"self":[{"href":"https:\/\/www.hotech360.com\/tr\/wp-json\/wp\/v2\/pages\/4005"}],"collection":[{"href":"https:\/\/www.hotech360.com\/tr\/wp-json\/wp\/v2\/pages"}],"about":[{"href":"https:\/\/www.hotech360.com\/tr\/wp-json\/wp\/v2\/types\/page"}],"author":[{"embeddable":true,"href":"https:\/\/www.hotech360.com\/tr\/wp-json\/wp\/v2\/users\/5"}],"replies":[{"embeddable":true,"href":"https:\/\/www.hotech360.com\/tr\/wp-json\/wp\/v2\/comments?post=4005"}],"version-history":[{"count":0,"href":"https:\/\/www.hotech360.com\/tr\/wp-json\/wp\/v2\/pages\/4005\/revisions"}],"wp:attachment":[{"href":"https:\/\/www.hotech360.com\/tr\/wp-json\/wp\/v2\/media?parent=4005"}],"curies":[{"name":"wp","href":"https:\/\/api.w.org\/{rel}","templated":true}]}}