{"id":4006,"date":"2016-09-30T14:16:08","date_gmt":"2016-09-30T14:16:08","guid":{"rendered":"http:\/\/www.hotech360.com\/?page_id=4006"},"modified":"2016-11-17T06:50:54","modified_gmt":"2016-11-17T06:50:54","slug":"data-center","status":"publish","type":"page","link":"https:\/\/www.hotech360.com\/tr\/data-center\/","title":{"rendered":"Veri Merkezi ve Sanalla\u015ft\u0131rma"},"content":{"rendered":"<p>[vc_row][vc_column]<div class=\"tm-element-heading-wrapper tm-heading-inner tm-element-align-left \">[vc_cta text=\"Veri Merkezi ve Sanalla\u015ft\u0131rma\"  h2_google_fonts=\"font_family:Arimo%3Aregular%2Citalic%2C700%2C700italic|font_style:700%20bold%20regular%3A700%3Anormal\"  h4_google_fonts=\"font_family:Lato%3A100%2C100italic%2C300%2C300italic%2Cregular%2Citalic%2C700%2C700italic%2C900%2C900italic|font_style:300%20light%20regular%3A300%3Anormal\"  align=\"left\"  heading_sep=\"no\"  tag=\"h2\"  h2=\"Veri Merkezi ve Sanalla\u015ft\u0131rma\"  txt_align=\"left\"  i_css_animation=\"\" css_animation=\"\"][\/vc_cta]<\/div> <!-- .tm-element-heading-wrapper container --> [vc_column_text]<a href=\"http:\/\/www.hotech360.com\/wp-content\/uploads\/2016\/09\/data-center.jpg\"><img decoding=\"async\" loading=\"lazy\" class=\"alignnone size-full wp-image-4261\" src=\"http:\/\/www.hotech360.com\/wp-content\/uploads\/2016\/09\/data-center.jpg\" alt=\"data-center\" width=\"640\" height=\"420\" srcset=\"https:\/\/www.hotech360.com\/wp-content\/uploads\/2016\/09\/data-center.jpg 640w, https:\/\/www.hotech360.com\/wp-content\/uploads\/2016\/09\/data-center-300x197.jpg 300w\" sizes=\"(max-width: 640px) 100vw, 640px\" \/><\/a><\/p>\n<p><i class=\"tm-skincolor fa fa-chevron-right\"><\/i> Y\u00fckseltilmi\u015f veri merkezi taban\u0131,<br \/>\n<i class=\"tm-skincolor fa fa-chevron-right\"><\/i> Sunucu kabinet ve dizayn,<br \/>\n<i class=\"tm-skincolor fa fa-chevron-right\"><\/i> Aktif-Pasif cihazlar i\u00e7i kabinet temini, Aktif cihaz programlama,<br \/>\n<i class=\"tm-skincolor fa fa-chevron-right\"><\/i> Data center g\u00fcvenlik giri\u015f,<br \/>\n<i class=\"tm-skincolor fa fa-chevron-right\"><\/i> Data center yang\u0131n g\u00fcvenlik Sistemi (fm 200)<\/p>\n<p>[\/vc_column_text][\/vc_column][\/vc_row]<\/p>","protected":false},"excerpt":{"rendered":"<p>[vc_row][vc_column][vc_column_text] Y\u00fckseltilmi\u015f veri merkezi taban\u0131, Sunucu kabinet ve dizayn, Aktif-Pasif cihazlar i\u00e7i kabinet temini, Aktif cihaz programlama, Data center g\u00fcvenlik giri\u015f, Data center yang\u0131n g\u00fcvenlik Sistemi (fm 200) [\/vc_column_text][\/vc_column][\/vc_row]<\/p>\n","protected":false},"author":5,"featured_media":0,"parent":0,"menu_order":19,"comment_status":"closed","ping_status":"closed","template":"","meta":[],"_links":{"self":[{"href":"https:\/\/www.hotech360.com\/tr\/wp-json\/wp\/v2\/pages\/4006"}],"collection":[{"href":"https:\/\/www.hotech360.com\/tr\/wp-json\/wp\/v2\/pages"}],"about":[{"href":"https:\/\/www.hotech360.com\/tr\/wp-json\/wp\/v2\/types\/page"}],"author":[{"embeddable":true,"href":"https:\/\/www.hotech360.com\/tr\/wp-json\/wp\/v2\/users\/5"}],"replies":[{"embeddable":true,"href":"https:\/\/www.hotech360.com\/tr\/wp-json\/wp\/v2\/comments?post=4006"}],"version-history":[{"count":0,"href":"https:\/\/www.hotech360.com\/tr\/wp-json\/wp\/v2\/pages\/4006\/revisions"}],"wp:attachment":[{"href":"https:\/\/www.hotech360.com\/tr\/wp-json\/wp\/v2\/media?parent=4006"}],"curies":[{"name":"wp","href":"https:\/\/api.w.org\/{rel}","templated":true}]}}