{"id":4008,"date":"2016-09-30T14:16:11","date_gmt":"2016-09-30T14:16:11","guid":{"rendered":"http:\/\/www.hotech360.com\/?page_id=4008"},"modified":"2016-11-14T09:34:23","modified_gmt":"2016-11-14T09:34:23","slug":"telephone-swichboard-systems","status":"publish","type":"page","link":"https:\/\/www.hotech360.com\/tr\/telephone-swichboard-systems\/","title":{"rendered":"Telefon &#038; Santral \u00c7\u00f6z\u00fcmleri"},"content":{"rendered":"<p>[vc_row][vc_column]<div class=\"tm-element-heading-wrapper tm-heading-inner tm-element-align-left \">[vc_cta text=\"Telefon &amp; Santral \u00c7\u00f6z\u00fcmleri\"  h2_google_fonts=\"font_family:Arimo%3Aregular%2Citalic%2C700%2C700italic|font_style:700%20bold%20regular%3A700%3Anormal\"  h4_google_fonts=\"font_family:Lato%3A100%2C100italic%2C300%2C300italic%2Cregular%2Citalic%2C700%2C700italic%2C900%2C900italic|font_style:300%20light%20regular%3A300%3Anormal\"  align=\"left\"  heading_sep=\"no\"  tag=\"h2\"  h2=\"Telefon &amp; Santral \u00c7\u00f6z\u00fcmleri\"  txt_align=\"left\"  i_css_animation=\"\" css_animation=\"\"][\/vc_cta]<\/div> <!-- .tm-element-heading-wrapper container --> [vc_column_text]<a href=\"http:\/\/www.hotech360.com\/wp-content\/uploads\/2016\/09\/telephone-swichboard.jpg\"><img decoding=\"async\" loading=\"lazy\" class=\"alignnone size-full wp-image-4256\" src=\"http:\/\/www.hotech360.com\/wp-content\/uploads\/2016\/09\/telephone-swichboard.jpg\" alt=\"\" width=\"438\" height=\"274\" srcset=\"https:\/\/www.hotech360.com\/wp-content\/uploads\/2016\/09\/telephone-swichboard.jpg 438w, https:\/\/www.hotech360.com\/wp-content\/uploads\/2016\/09\/telephone-swichboard-300x188.jpg 300w\" sizes=\"(max-width: 438px) 100vw, 438px\" \/><\/a><\/p>\n<p><i class=\"tm-skincolor fa fa-chevron-right\"><\/i> PBX \u00c7\u00f6z\u00fcmleri,<br \/>\n<i class=\"tm-skincolor fa fa-chevron-right\"><\/i> IP Telefon \u00c7\u00f6z\u00fcmleri,<br \/>\n<i class=\"tm-skincolor fa fa-chevron-right\"><\/i> Kablolu ve Kablosuz Telefon Cihazlar\u0131<\/p>\n<p>[\/vc_column_text][\/vc_column][\/vc_row]<\/p>","protected":false},"excerpt":{"rendered":"<p>[vc_row][vc_column][vc_column_text] PBX \u00c7\u00f6z\u00fcmleri, IP Telefon \u00c7\u00f6z\u00fcmleri, Kablolu ve Kablosuz Telefon Cihazlar\u0131 [\/vc_column_text][\/vc_column][\/vc_row]<\/p>\n","protected":false},"author":5,"featured_media":0,"parent":0,"menu_order":19,"comment_status":"closed","ping_status":"closed","template":"","meta":[],"_links":{"self":[{"href":"https:\/\/www.hotech360.com\/tr\/wp-json\/wp\/v2\/pages\/4008"}],"collection":[{"href":"https:\/\/www.hotech360.com\/tr\/wp-json\/wp\/v2\/pages"}],"about":[{"href":"https:\/\/www.hotech360.com\/tr\/wp-json\/wp\/v2\/types\/page"}],"author":[{"embeddable":true,"href":"https:\/\/www.hotech360.com\/tr\/wp-json\/wp\/v2\/users\/5"}],"replies":[{"embeddable":true,"href":"https:\/\/www.hotech360.com\/tr\/wp-json\/wp\/v2\/comments?post=4008"}],"version-history":[{"count":0,"href":"https:\/\/www.hotech360.com\/tr\/wp-json\/wp\/v2\/pages\/4008\/revisions"}],"wp:attachment":[{"href":"https:\/\/www.hotech360.com\/tr\/wp-json\/wp\/v2\/media?parent=4008"}],"curies":[{"name":"wp","href":"https:\/\/api.w.org\/{rel}","templated":true}]}}