{"id":4067,"date":"2016-10-03T11:38:57","date_gmt":"2016-10-03T11:38:57","guid":{"rendered":"http:\/\/www.hotech360.com\/?page_id=4067"},"modified":"2016-11-14T12:13:29","modified_gmt":"2016-11-14T12:13:29","slug":"project-preparation","status":"publish","type":"page","link":"https:\/\/www.hotech360.com\/tr\/project-preparation\/","title":{"rendered":"Proje Haz\u0131rl\u0131klar\u0131"},"content":{"rendered":"<p>[vc_row][vc_column]<div class=\"tm-element-heading-wrapper tm-heading-inner tm-element-align-left \">[vc_cta text=\"Proje Haz\u0131rl\u0131klar\u0131\"  h2_google_fonts=\"font_family:Arimo%3Aregular%2Citalic%2C700%2C700italic|font_style:700%20bold%20regular%3A700%3Anormal\"  h4_google_fonts=\"font_family:Lato%3A100%2C100italic%2C300%2C300italic%2Cregular%2Citalic%2C700%2C700italic%2C900%2C900italic|font_style:300%20light%20regular%3A300%3Anormal\"  align=\"left\"  heading_sep=\"no\"  tag=\"h2\"  h2=\"Proje Haz\u0131rl\u0131klar\u0131\"  txt_align=\"left\"  i_css_animation=\"\" css_animation=\"\"][\/vc_cta]<\/div> <!-- .tm-element-heading-wrapper container --> [vc_single_image image=&#8221;4518&#8243; img_size=&#8221;full&#8221;][vc_column_text]\u0130\u015fletme ihtiya\u00e7lar\u0131 do\u011frultusunda 25 yillik sekt\u00f6rel terc\u00fcbeye ba\u011fl\u0131 eksiksiz bilgi sistemleri projesi haz\u0131rlamak ve uygulama deste\u011fi vermek.<\/p>\n<p><i class=\"tm-skincolor fa fa-chevron-right\"><\/i> Proje haz\u0131rlamak,<br \/>\n<i class=\"tm-skincolor fa fa-chevron-right\"><\/i> Sistem tasarimlari, standartlari, performans verimliliklerini b\u00f6l\u00fcmleme,<br \/>\n<i class=\"tm-skincolor fa fa-chevron-right\"><\/i> Teknik \u015fartnameler haz\u0131rlamak, y\u00f6netmek,<br \/>\n<i class=\"tm-skincolor fa fa-chevron-right\"><\/i> Proje b\u00fct\u00e7e haz\u0131rl\u0131\u011f\u0131 ve b\u00fct\u00e7esini haz\u0131rlamak,<br \/>\n<i class=\"tm-skincolor fa fa-chevron-right\"><\/i> Yat\u0131r\u0131m b\u00fct\u00e7e y\u00f6netimini takiben gider b\u00fct\u00e7e maliyetlerini azalt\u0131c\u0131 tedbirler almak(capex-opex),<br \/>\n<i class=\"tm-skincolor fa fa-chevron-right\"><\/i> IT sat\u0131n alma kontratlar\u0131n\u0131 y\u00f6netmek,[\/vc_column_text][\/vc_column][\/vc_row]<\/p>","protected":false},"excerpt":{"rendered":"<p>[vc_row][vc_column][vc_single_image image=&#8221;4518&#8243; img_size=&#8221;full&#8221;][vc_column_text]\u0130\u015fletme ihtiya\u00e7lar\u0131 do\u011frultusunda 25 yillik sekt\u00f6rel terc\u00fcbeye ba\u011fl\u0131 eksiksiz bilgi sistemleri projesi haz\u0131rlamak ve uygulama deste\u011fi vermek. Proje haz\u0131rlamak, Sistem tasarimlari, standartlari, performans verimliliklerini b\u00f6l\u00fcmleme, Teknik \u015fartnameler haz\u0131rlamak, y\u00f6netmek, Proje b\u00fct\u00e7e haz\u0131rl\u0131\u011f\u0131 ve b\u00fct\u00e7esini haz\u0131rlamak, Yat\u0131r\u0131m b\u00fct\u00e7e y\u00f6netimini takiben gider b\u00fct\u00e7e maliyetlerini azalt\u0131c\u0131 tedbirler almak(capex-opex), IT sat\u0131n alma kontratlar\u0131n\u0131 y\u00f6netmek,[\/vc_column_text][\/vc_column][\/vc_row]<\/p>\n","protected":false},"author":5,"featured_media":0,"parent":0,"menu_order":0,"comment_status":"closed","ping_status":"closed","template":"","meta":[],"_links":{"self":[{"href":"https:\/\/www.hotech360.com\/tr\/wp-json\/wp\/v2\/pages\/4067"}],"collection":[{"href":"https:\/\/www.hotech360.com\/tr\/wp-json\/wp\/v2\/pages"}],"about":[{"href":"https:\/\/www.hotech360.com\/tr\/wp-json\/wp\/v2\/types\/page"}],"author":[{"embeddable":true,"href":"https:\/\/www.hotech360.com\/tr\/wp-json\/wp\/v2\/users\/5"}],"replies":[{"embeddable":true,"href":"https:\/\/www.hotech360.com\/tr\/wp-json\/wp\/v2\/comments?post=4067"}],"version-history":[{"count":0,"href":"https:\/\/www.hotech360.com\/tr\/wp-json\/wp\/v2\/pages\/4067\/revisions"}],"wp:attachment":[{"href":"https:\/\/www.hotech360.com\/tr\/wp-json\/wp\/v2\/media?parent=4067"}],"curies":[{"name":"wp","href":"https:\/\/api.w.org\/{rel}","templated":true}]}}