{"id":4069,"date":"2016-10-03T11:39:22","date_gmt":"2016-10-03T11:39:22","guid":{"rendered":"http:\/\/www.hotech360.com\/?page_id=4069"},"modified":"2016-11-14T12:06:11","modified_gmt":"2016-11-14T12:06:11","slug":"project-pro-work","status":"publish","type":"page","link":"https:\/\/www.hotech360.com\/tr\/project-pro-work\/","title":{"rendered":"Proje \u00d6n Haz\u0131rl\u0131k"},"content":{"rendered":"<p>[vc_row][vc_column]<div class=\"tm-element-heading-wrapper tm-heading-inner tm-element-align-left \">[vc_cta text=\"Proje \u00d6n Haz\u0131rl\u0131k\"  h2_google_fonts=\"font_family:Arimo%3Aregular%2Citalic%2C700%2C700italic|font_style:700%20bold%20regular%3A700%3Anormal\"  h4_google_fonts=\"font_family:Lato%3A100%2C100italic%2C300%2C300italic%2Cregular%2Citalic%2C700%2C700italic%2C900%2C900italic|font_style:300%20light%20regular%3A300%3Anormal\"  align=\"left\"  heading_sep=\"no\"  tag=\"h2\"  h2=\"Proje \u00d6n Haz\u0131rl\u0131k\"  txt_align=\"left\"  i_css_animation=\"\" css_animation=\"\"][\/vc_cta]<\/div> <!-- .tm-element-heading-wrapper container --> [vc_column_text]<img decoding=\"async\" loading=\"lazy\" class=\"alignnone wp-image-4519 size-full\" src=\"http:\/\/www.hotech360.com\/wp-content\/uploads\/2016\/10\/project-pro-work.jpg\" width=\"852\" height=\"252\" srcset=\"https:\/\/www.hotech360.com\/wp-content\/uploads\/2016\/10\/project-pro-work.jpg 852w, https:\/\/www.hotech360.com\/wp-content\/uploads\/2016\/10\/project-pro-work-300x89.jpg 300w, https:\/\/www.hotech360.com\/wp-content\/uploads\/2016\/10\/project-pro-work-768x227.jpg 768w\" sizes=\"(max-width: 852px) 100vw, 852px\" \/><\/p>\n<p><i class=\"tm-skincolor fa fa-chevron-right\"><\/i> \u0130\u015fletme konumlandirmas\u0131na marka\/yat\u0131r\u0131mc\u0131 \u00f6ng\u00fcr\u00fcleri \u00e7ercevesinde fizibilite \u00e7al\u0131\u015fmas\u0131 yaparak bilgi sistemleri proje \u00f6n haz\u0131rl\u0131k \u00e7al\u0131\u015fmas\u0131na haz\u0131rlamak.[\/vc_column_text][\/vc_column][\/vc_row]<\/p>","protected":false},"excerpt":{"rendered":"<p>[vc_row][vc_column][vc_column_text] \u0130\u015fletme konumlandirmas\u0131na marka\/yat\u0131r\u0131mc\u0131 \u00f6ng\u00fcr\u00fcleri \u00e7ercevesinde fizibilite \u00e7al\u0131\u015fmas\u0131 yaparak bilgi sistemleri proje \u00f6n haz\u0131rl\u0131k \u00e7al\u0131\u015fmas\u0131na haz\u0131rlamak.[\/vc_column_text][\/vc_column][\/vc_row]<\/p>\n","protected":false},"author":5,"featured_media":0,"parent":0,"menu_order":0,"comment_status":"closed","ping_status":"closed","template":"","meta":[],"_links":{"self":[{"href":"https:\/\/www.hotech360.com\/tr\/wp-json\/wp\/v2\/pages\/4069"}],"collection":[{"href":"https:\/\/www.hotech360.com\/tr\/wp-json\/wp\/v2\/pages"}],"about":[{"href":"https:\/\/www.hotech360.com\/tr\/wp-json\/wp\/v2\/types\/page"}],"author":[{"embeddable":true,"href":"https:\/\/www.hotech360.com\/tr\/wp-json\/wp\/v2\/users\/5"}],"replies":[{"embeddable":true,"href":"https:\/\/www.hotech360.com\/tr\/wp-json\/wp\/v2\/comments?post=4069"}],"version-history":[{"count":0,"href":"https:\/\/www.hotech360.com\/tr\/wp-json\/wp\/v2\/pages\/4069\/revisions"}],"wp:attachment":[{"href":"https:\/\/www.hotech360.com\/tr\/wp-json\/wp\/v2\/media?parent=4069"}],"curies":[{"name":"wp","href":"https:\/\/api.w.org\/{rel}","templated":true}]}}