{"id":4071,"date":"2016-10-03T11:39:55","date_gmt":"2016-10-03T11:39:55","guid":{"rendered":"http:\/\/www.hotech360.com\/?page_id=4071"},"modified":"2016-11-14T12:39:01","modified_gmt":"2016-11-14T12:39:01","slug":"follow-up-project","status":"publish","type":"page","link":"https:\/\/www.hotech360.com\/tr\/follow-up-project\/","title":{"rendered":"Proje Takibi"},"content":{"rendered":"<p>[vc_row][vc_column]<div class=\"tm-element-heading-wrapper tm-heading-inner tm-element-align-left \">[vc_cta text=\"Proje Takibi\"  h2_google_fonts=\"font_family:Arimo%3Aregular%2Citalic%2C700%2C700italic|font_style:700%20bold%20regular%3A700%3Anormal\"  h4_google_fonts=\"font_family:Lato%3A100%2C100italic%2C300%2C300italic%2Cregular%2Citalic%2C700%2C700italic%2C900%2C900italic|font_style:300%20light%20regular%3A300%3Anormal\"  align=\"left\"  heading_sep=\"no\"  tag=\"h2\"  h2=\"Proje Takibi\"  txt_align=\"left\"  i_css_animation=\"\" css_animation=\"\"][\/vc_cta]<\/div> <!-- .tm-element-heading-wrapper container --> [vc_column_text]<img decoding=\"async\" loading=\"lazy\" class=\"alignnone wp-image-4517 size-full\" src=\"http:\/\/www.hotech360.com\/wp-content\/uploads\/2016\/10\/proje-takibi.jpg\" width=\"852\" height=\"252\" srcset=\"https:\/\/www.hotech360.com\/wp-content\/uploads\/2016\/10\/proje-takibi.jpg 852w, https:\/\/www.hotech360.com\/wp-content\/uploads\/2016\/10\/proje-takibi-300x89.jpg 300w, https:\/\/www.hotech360.com\/wp-content\/uploads\/2016\/10\/proje-takibi-768x227.jpg 768w\" sizes=\"(max-width: 852px) 100vw, 852px\" \/><\/p>\n<p><i class=\"tm-skincolor fa fa-chevron-right\"><\/i> Haz\u0131rlanan projeler do\u011frultusunda sat\u0131n alma s\u00fcre\u00e7lerini tamamlamak, proje \u2013 \u00fcr\u00fcn b\u00fct\u00fcnl\u00fc\u011f\u00fcne ba\u011fl\u0131 kalarak en uygun \u00fcr\u00fcn se\u00e7imiyle yat\u0131r\u0131mc\u0131ya fiyat-fayda avantaj\u0131 sa\u011flamak.[\/vc_column_text][\/vc_column][\/vc_row]<\/p>","protected":false},"excerpt":{"rendered":"<p>[vc_row][vc_column][vc_column_text] Haz\u0131rlanan projeler do\u011frultusunda sat\u0131n alma s\u00fcre\u00e7lerini tamamlamak, proje \u2013 \u00fcr\u00fcn b\u00fct\u00fcnl\u00fc\u011f\u00fcne ba\u011fl\u0131 kalarak en uygun \u00fcr\u00fcn se\u00e7imiyle yat\u0131r\u0131mc\u0131ya fiyat-fayda avantaj\u0131 sa\u011flamak.[\/vc_column_text][\/vc_column][\/vc_row]<\/p>\n","protected":false},"author":5,"featured_media":0,"parent":0,"menu_order":0,"comment_status":"closed","ping_status":"closed","template":"","meta":[],"_links":{"self":[{"href":"https:\/\/www.hotech360.com\/tr\/wp-json\/wp\/v2\/pages\/4071"}],"collection":[{"href":"https:\/\/www.hotech360.com\/tr\/wp-json\/wp\/v2\/pages"}],"about":[{"href":"https:\/\/www.hotech360.com\/tr\/wp-json\/wp\/v2\/types\/page"}],"author":[{"embeddable":true,"href":"https:\/\/www.hotech360.com\/tr\/wp-json\/wp\/v2\/users\/5"}],"replies":[{"embeddable":true,"href":"https:\/\/www.hotech360.com\/tr\/wp-json\/wp\/v2\/comments?post=4071"}],"version-history":[{"count":0,"href":"https:\/\/www.hotech360.com\/tr\/wp-json\/wp\/v2\/pages\/4071\/revisions"}],"wp:attachment":[{"href":"https:\/\/www.hotech360.com\/tr\/wp-json\/wp\/v2\/media?parent=4071"}],"curies":[{"name":"wp","href":"https:\/\/api.w.org\/{rel}","templated":true}]}}