{"id":4073,"date":"2016-10-03T11:40:58","date_gmt":"2016-10-03T11:40:58","guid":{"rendered":"http:\/\/www.hotech360.com\/?page_id=4073"},"modified":"2016-11-14T12:24:33","modified_gmt":"2016-11-14T12:24:33","slug":"opening-process","status":"publish","type":"page","link":"https:\/\/www.hotech360.com\/tr\/opening-process\/","title":{"rendered":"Otel A\u00e7\u0131l\u0131\u015f S\u00fcreci"},"content":{"rendered":"<p>[vc_row][vc_column]<div class=\"tm-element-heading-wrapper tm-heading-inner tm-element-align-left \">[vc_cta text=\"Otel A\u00e7\u0131l\u0131\u015f S\u00fcreci\"  h2_google_fonts=\"font_family:Arimo%3Aregular%2Citalic%2C700%2C700italic|font_style:700%20bold%20regular%3A700%3Anormal\"  h4_google_fonts=\"font_family:Lato%3A100%2C100italic%2C300%2C300italic%2Cregular%2Citalic%2C700%2C700italic%2C900%2C900italic|font_style:300%20light%20regular%3A300%3Anormal\"  align=\"left\"  heading_sep=\"no\"  tag=\"h2\"  h2=\"Otel A\u00e7\u0131l\u0131\u015f S\u00fcreci\"  txt_align=\"left\"  i_css_animation=\"\" css_animation=\"\"][\/vc_cta]<\/div> <!-- .tm-element-heading-wrapper container --> [vc_row_inner][vc_column_inner width=&#8221;2\/3&#8243;][vc_column_text]Otel\/Bina Bilgi Sistemleri i\u00e7in gerekli hardware\/software tedarik s\u00fcre\u00e7lerini planlama, devre alma, e\u011fitimleri tamamlama ve misafir kabul g\u00fcn\u00fc (ilk g\u00fcn \u2013 otel a\u00e7\u0131l\u0131\u015f ) organizasyonu.<\/p>\n<p>Otel\/Bina Bilgi Sistemleri i\u015fletim sistemleri kurulu\u015fu, kullan\u0131c\u0131 e\u011fitim ve s\u00fcre\u00e7leri planlama uygulama;<\/p>\n<p><i class=\"tm-skincolor fa fa-chevron-right\"><\/i> Domain kurulumu, ad kullan\u0131c\u0131 tan\u0131mlar\u0131,<br \/>\n<i class=\"tm-skincolor fa fa-chevron-right\"><\/i> Email server kurulumu \u2013 kullan\u0131c\u0131 tan\u0131mlar\u0131,<br \/>\n<i class=\"tm-skincolor fa fa-chevron-right\"><\/i> Kullan\u0131c\u0131 bilgisayarlar\u0131 kurulumu ve ad tan\u0131mlar\u0131,<br \/>\n<i class=\"tm-skincolor fa fa-chevron-right\"><\/i> T\u00fcm otel sistemleri kurulu\u015f ve devreye alma s\u00fcre\u00e7leri,<br \/>\n<i class=\"tm-skincolor fa fa-chevron-right\"><\/i> Misafir ve otel \u00e7al\u0131\u015fanlari internet alt yap\u0131s\u0131, kurulum s\u00fcre\u00e7leri,<br \/>\n<i class=\"tm-skincolor fa fa-chevron-right\"><\/i> Yedekleme \u00fcnitesi kurulum ve procedure,<br \/>\n<i class=\"tm-skincolor fa fa-chevron-right\"><\/i> It supervisor e\u011fitimleri,[\/vc_column_text][\/vc_column_inner][vc_column_inner width=&#8221;1\/3&#8243;][vc_single_image image=&#8221;4150&#8243; img_size=&#8221;full&#8221; alignment=&#8221;center&#8221;][\/vc_column_inner][\/vc_row_inner][\/vc_column][\/vc_row]<\/p>","protected":false},"excerpt":{"rendered":"<p>[vc_row][vc_column][vc_row_inner][vc_column_inner width=&#8221;2\/3&#8243;][vc_column_text]Otel\/Bina Bilgi Sistemleri i\u00e7in gerekli hardware\/software tedarik s\u00fcre\u00e7lerini planlama, devre alma, e\u011fitimleri tamamlama ve misafir kabul g\u00fcn\u00fc (ilk g\u00fcn \u2013 otel a\u00e7\u0131l\u0131\u015f ) organizasyonu. Otel\/Bina Bilgi Sistemleri i\u015fletim sistemleri kurulu\u015fu, kullan\u0131c\u0131 e\u011fitim ve s\u00fcre\u00e7leri planlama uygulama; Domain kurulumu, ad kullan\u0131c\u0131 tan\u0131mlar\u0131, Email server kurulumu \u2013 kullan\u0131c\u0131 tan\u0131mlar\u0131, Kullan\u0131c\u0131 bilgisayarlar\u0131 kurulumu ve ad tan\u0131mlar\u0131, T\u00fcm [&hellip;]<\/p>\n","protected":false},"author":5,"featured_media":0,"parent":0,"menu_order":0,"comment_status":"closed","ping_status":"closed","template":"","meta":[],"_links":{"self":[{"href":"https:\/\/www.hotech360.com\/tr\/wp-json\/wp\/v2\/pages\/4073"}],"collection":[{"href":"https:\/\/www.hotech360.com\/tr\/wp-json\/wp\/v2\/pages"}],"about":[{"href":"https:\/\/www.hotech360.com\/tr\/wp-json\/wp\/v2\/types\/page"}],"author":[{"embeddable":true,"href":"https:\/\/www.hotech360.com\/tr\/wp-json\/wp\/v2\/users\/5"}],"replies":[{"embeddable":true,"href":"https:\/\/www.hotech360.com\/tr\/wp-json\/wp\/v2\/comments?post=4073"}],"version-history":[{"count":0,"href":"https:\/\/www.hotech360.com\/tr\/wp-json\/wp\/v2\/pages\/4073\/revisions"}],"wp:attachment":[{"href":"https:\/\/www.hotech360.com\/tr\/wp-json\/wp\/v2\/media?parent=4073"}],"curies":[{"name":"wp","href":"https:\/\/api.w.org\/{rel}","templated":true}]}}