{"id":4495,"date":"2016-11-01T13:52:12","date_gmt":"2016-11-01T13:52:12","guid":{"rendered":"http:\/\/www.hotech360.com\/?page_id=4495"},"modified":"2026-01-13T12:10:47","modified_gmt":"2026-01-13T12:10:47","slug":"services","status":"publish","type":"page","link":"https:\/\/www.hotech360.com\/tr\/services\/","title":{"rendered":"Servisler"},"content":{"rendered":"<p>[vc_row css=&#8221;.vc_custom_1475480171824{padding-bottom: 50px !important;}&#8221;][vc_column]<div class=\"tm-element-heading-wrapper tm-heading-inner tm-element-align-center tm-heading-with-separator \">[vc_cta text=\"Servisler\"  h2_google_fonts=\"font_family:Arimo%3Aregular%2Citalic%2C700%2C700italic|font_style:700%20bold%20regular%3A700%3Anormal\"  h4_google_fonts=\"font_family:Lato%3A100%2C100italic%2C300%2C300italic%2Cregular%2Citalic%2C700%2C700italic%2C900%2C900italic|font_style:300%20light%20regular%3A300%3Anormal\"  align=\"center\"  heading_sep=\"yes\"  tag=\"h2\"  h2=\"Servisler\"  txt_align=\"center\"  i_css_animation=\"\" css_animation=\"\"][\/vc_cta]<div class=\"heading-seperator\"><\/div><\/div> <!-- .tm-element-heading-wrapper container --> [vc_row_inner][vc_column_inner width=&#8221;1\/3&#8243;]<div class=\"tm-sbox tm-sbox-iconalign-top none     kisalt\">[vc_cta h2=\"A\u00e7\u0131l\u0131\u015f S\u00fcreci\"  h2_google_fonts=\"font_family:Arimo%3Aregular%2Citalic%2C700%2C700italic|font_style:700%20bold%20regular%3A700%3Anormal\"  h4_google_fonts=\"font_family:Lato%3A100%2C100italic%2C300%2C300italic%2Cregular%2Citalic%2C700%2C700italic%2C900%2C900italic|font_style:300%20light%20regular%3A300%3Anormal\"  txt_align=\"center\"  heading_sep=\"no\"  shape=\"none\"  style=\"transparent\"  color=\"grey\"  add_button=\"bottom\"  btn_title=\"Devam\u0131n\u0131 Oku\"  btn_link=\"url:http%3A%2F%2Fwww.hotech360.com%2Ftr%2Fopening-process%2F|||\"  btn_style=\"text\"  btn_gradient_color_1=\"turquoise\"  btn_gradient_color_2=\"blue\"  btn_custom_background=\"#ededed\"  btn_custom_text=\"#666\"  btn_outline_custom_color=\"#666\"  btn_outline_custom_hover_background=\"#666\"  btn_outline_custom_hover_text=\"#fff\"  btn_color=\"skincolor\"  btn_size=\"md\"  btn_custom_onclick=\"true\"  add_icon=\"top\"  hover=\"none\"  icon_type=\"icon\"  i_type=\"fontawesome\"  i_icon_fontawesome=\"fa fa-bullhorn\"  i_icon_openiconic=\"vc-oi vc-oi-dial\"  i_icon_typicons=\"typcn typcn-adjust-brightness\"  i_icon_entypo=\"entypo-icon entypo-icon-note\"  i_icon_linecons=\"vc_li vc_li-heart\"  i_color=\"skincolor\"  i_background_style=\"none\"  i_background_color=\"grey\"  i_size=\"xl\"  btn_align=\"center\"  i_css_animation=\"\" css_animation=\"\"][\/vc_cta]<\/div><div class=\"tm-sbox tm-sbox-iconalign-top none     kisalt\">[vc_cta h2=\"Proje \u00d6n Haz\u0131rl\u0131k\"  h2_google_fonts=\"font_family:Arimo%3Aregular%2Citalic%2C700%2C700italic|font_style:700%20bold%20regular%3A700%3Anormal\"  h4_google_fonts=\"font_family:Lato%3A100%2C100italic%2C300%2C300italic%2Cregular%2Citalic%2C700%2C700italic%2C900%2C900italic|font_style:300%20light%20regular%3A300%3Anormal\"  txt_align=\"center\"  heading_sep=\"no\"  shape=\"none\"  style=\"transparent\"  color=\"grey\"  add_button=\"bottom\"  btn_title=\"Devam\u0131n\u0131 Oku\"  btn_link=\"url:https%3A%2F%2Fwww.hotech360.com%2Ftr%2Fproject-pro-work%2F|||\"  btn_style=\"text\"  btn_gradient_color_1=\"turquoise\"  btn_gradient_color_2=\"blue\"  btn_custom_background=\"#ededed\"  btn_custom_text=\"#666\"  btn_outline_custom_color=\"#666\"  btn_outline_custom_hover_background=\"#666\"  btn_outline_custom_hover_text=\"#fff\"  btn_color=\"skincolor\"  btn_size=\"md\"  btn_custom_onclick=\"true\"  add_icon=\"top\"  hover=\"none\"  icon_type=\"icon\"  i_type=\"fontawesome\"  i_icon_fontawesome=\"fa fa-clock-o\"  i_icon_openiconic=\"vc-oi vc-oi-dial\"  i_icon_typicons=\"typcn typcn-adjust-brightness\"  i_icon_entypo=\"entypo-icon entypo-icon-note\"  i_icon_linecons=\"vc_li vc_li-heart\"  i_color=\"skincolor\"  i_background_style=\"none\"  i_background_color=\"grey\"  i_size=\"xl\"  btn_align=\"center\"  i_css_animation=\"\" css_animation=\"\"][\/vc_cta]<\/div>[\/vc_column_inner][vc_column_inner width=&#8221;1\/3&#8243;]<div class=\"tm-sbox tm-sbox-iconalign-top none     kisalt\">[vc_cta h2=\"Proje Haz\u0131rl\u0131\u011f\u0131\"  h2_google_fonts=\"font_family:Arimo%3Aregular%2Citalic%2C700%2C700italic|font_style:700%20bold%20regular%3A700%3Anormal\"  h4_google_fonts=\"font_family:Lato%3A100%2C100italic%2C300%2C300italic%2Cregular%2Citalic%2C700%2C700italic%2C900%2C900italic|font_style:300%20light%20regular%3A300%3Anormal\"  txt_align=\"center\"  heading_sep=\"no\"  shape=\"none\"  style=\"transparent\"  color=\"grey\"  add_button=\"bottom\"  btn_title=\"Devam\u0131n\u0131 Oku\"  btn_link=\"url:http%3A%2F%2Fwww.hotech360.com%2Ftr%2Fproject-preparation%2F|||\"  btn_style=\"text\"  btn_gradient_color_1=\"turquoise\"  btn_gradient_color_2=\"blue\"  btn_custom_background=\"#ededed\"  btn_custom_text=\"#666\"  btn_outline_custom_color=\"#666\"  btn_outline_custom_hover_background=\"#666\"  btn_outline_custom_hover_text=\"#fff\"  btn_color=\"skincolor\"  btn_size=\"md\"  btn_custom_onclick=\"true\"  add_icon=\"top\"  hover=\"none\"  icon_type=\"icon\"  i_type=\"fontawesome\"  i_icon_fontawesome=\"fa fa-suitcase\"  i_icon_openiconic=\"vc-oi vc-oi-dial\"  i_icon_typicons=\"typcn typcn-adjust-brightness\"  i_icon_entypo=\"entypo-icon entypo-icon-note\"  i_icon_linecons=\"vc_li vc_li-heart\"  i_color=\"skincolor\"  i_background_style=\"none\"  i_background_color=\"grey\"  i_size=\"xl\"  btn_align=\"center\"  i_css_animation=\"\" css_animation=\"\"][\/vc_cta]<\/div><div class=\"tm-sbox tm-sbox-iconalign-top none     kisalt\">[vc_cta h2=\"Otel Marka \u2013 Rebranding Dan\u0131\u015fmanl\u0131\u011f\u0131\"  h2_google_fonts=\"font_family:Arimo%3Aregular%2Citalic%2C700%2C700italic|font_style:700%20bold%20regular%3A700%3Anormal\"  h4_google_fonts=\"font_family:Lato%3A100%2C100italic%2C300%2C300italic%2Cregular%2Citalic%2C700%2C700italic%2C900%2C900italic|font_style:300%20light%20regular%3A300%3Anormal\"  txt_align=\"center\"  heading_sep=\"no\"  shape=\"none\"  style=\"transparent\"  color=\"grey\"  add_button=\"bottom\"  btn_title=\"Devam\u0131n\u0131 Oku\"  btn_link=\"url:https%3A%2F%2Fwww.hotech360.com%2Ftr%2Fhotel-branding-rebranding-consultancy%2F|||\"  btn_style=\"text\"  btn_gradient_color_1=\"turquoise\"  btn_gradient_color_2=\"blue\"  btn_custom_background=\"#ededed\"  btn_custom_text=\"#666\"  btn_outline_custom_color=\"#666\"  btn_outline_custom_hover_background=\"#666\"  btn_outline_custom_hover_text=\"#fff\"  btn_color=\"skincolor\"  btn_size=\"md\"  btn_custom_onclick=\"true\"  add_icon=\"top\"  hover=\"none\"  icon_type=\"icon\"  i_type=\"fontawesome\"  i_icon_fontawesome=\"fa fa-wpforms\"  i_icon_openiconic=\"vc-oi vc-oi-dial\"  i_icon_typicons=\"typcn typcn-adjust-brightness\"  i_icon_entypo=\"entypo-icon entypo-icon-note\"  i_icon_linecons=\"vc_li vc_li-heart\"  i_color=\"skincolor\"  i_background_style=\"none\"  i_background_color=\"grey\"  i_size=\"xl\"  btn_align=\"center\"  i_css_animation=\"\" css_animation=\"\"][\/vc_cta]<\/div><div class=\"tm-sbox tm-sbox-iconalign-top none     kisalt\">[vc_cta h2=\"Proje Y\u00f6netimi\"  h2_google_fonts=\"font_family:Arimo%3Aregular%2Citalic%2C700%2C700italic|font_style:700%20bold%20regular%3A700%3Anormal\"  h4_google_fonts=\"font_family:Lato%3A100%2C100italic%2C300%2C300italic%2Cregular%2Citalic%2C700%2C700italic%2C900%2C900italic|font_style:300%20light%20regular%3A300%3Anormal\"  txt_align=\"center\"  heading_sep=\"no\"  shape=\"none\"  style=\"transparent\"  color=\"grey\"  add_button=\"bottom\"  btn_title=\"Devam\u0131n\u0131 Oku\"  btn_link=\"url:https%3A%2F%2Fwww.hotech360.com%2Ftr%2Fproject-management%2F|||\"  btn_style=\"text\"  btn_gradient_color_1=\"turquoise\"  btn_gradient_color_2=\"blue\"  btn_custom_background=\"#ededed\"  btn_custom_text=\"#666\"  btn_outline_custom_color=\"#666\"  btn_outline_custom_hover_background=\"#666\"  btn_outline_custom_hover_text=\"#fff\"  btn_color=\"skincolor\"  btn_size=\"md\"  btn_custom_onclick=\"true\"  add_icon=\"top\"  hover=\"none\"  icon_type=\"icon\"  i_type=\"fontawesome\"  i_icon_fontawesome=\"fa fa-check\"  i_icon_openiconic=\"vc-oi vc-oi-dial\"  i_icon_typicons=\"typcn typcn-adjust-brightness\"  i_icon_entypo=\"entypo-icon entypo-icon-note\"  i_icon_linecons=\"vc_li vc_li-heart\"  i_color=\"skincolor\"  i_background_style=\"none\"  i_background_color=\"grey\"  i_size=\"xl\"  btn_align=\"center\"  i_css_animation=\"\" css_animation=\"\"][\/vc_cta]<\/div>[\/vc_column_inner][vc_column_inner width=&#8221;1\/3&#8243;]<div class=\"tm-sbox tm-sbox-iconalign-top none     kisalt\">[vc_cta h2=\"Proje Takibi\"  h2_google_fonts=\"font_family:Arimo%3Aregular%2Citalic%2C700%2C700italic|font_style:700%20bold%20regular%3A700%3Anormal\"  h4_google_fonts=\"font_family:Lato%3A100%2C100italic%2C300%2C300italic%2Cregular%2Citalic%2C700%2C700italic%2C900%2C900italic|font_style:300%20light%20regular%3A300%3Anormal\"  txt_align=\"center\"  heading_sep=\"no\"  shape=\"none\"  style=\"transparent\"  color=\"grey\"  add_button=\"bottom\"  btn_title=\"Devam\u0131n\u0131 Oku\"  btn_link=\"url:http%3A%2F%2Fwww.hotech360.com%2Ftr%2Ffollow-up-project%2F|||\"  btn_style=\"text\"  btn_gradient_color_1=\"turquoise\"  btn_gradient_color_2=\"blue\"  btn_custom_background=\"#ededed\"  btn_custom_text=\"#666\"  btn_outline_custom_color=\"#666\"  btn_outline_custom_hover_background=\"#666\"  btn_outline_custom_hover_text=\"#fff\"  btn_color=\"skincolor\"  btn_size=\"md\"  btn_custom_onclick=\"true\"  add_icon=\"top\"  hover=\"none\"  icon_type=\"icon\"  i_type=\"fontawesome\"  i_icon_fontawesome=\"fa fa-thumbs-o-up\"  i_icon_openiconic=\"vc-oi vc-oi-dial\"  i_icon_typicons=\"typcn typcn-adjust-brightness\"  i_icon_entypo=\"entypo-icon entypo-icon-note\"  i_icon_linecons=\"vc_li vc_li-heart\"  i_color=\"skincolor\"  i_background_style=\"none\"  i_background_color=\"grey\"  i_size=\"xl\"  btn_align=\"center\"  i_css_animation=\"\" css_animation=\"\"][\/vc_cta]<\/div><div class=\"tm-sbox tm-sbox-iconalign-top none     kisalt\">[vc_cta h2=\"Konsept ve Fizibilite \u00c7al\u0131\u015fmas\u0131\"  h2_google_fonts=\"font_family:Arimo%3Aregular%2Citalic%2C700%2C700italic|font_style:700%20bold%20regular%3A700%3Anormal\"  h4_google_fonts=\"font_family:Lato%3A100%2C100italic%2C300%2C300italic%2Cregular%2Citalic%2C700%2C700italic%2C900%2C900italic|font_style:300%20light%20regular%3A300%3Anormal\"  txt_align=\"center\"  heading_sep=\"no\"  shape=\"none\"  style=\"transparent\"  color=\"grey\"  add_button=\"bottom\"  btn_title=\"Devam\u0131n\u0131 Oku\"  btn_link=\"url:https%3A%2F%2Fwww.hotech360.com%2Ftr%2Fconcept-and-feasibility-study%2F|||\"  btn_style=\"text\"  btn_gradient_color_1=\"turquoise\"  btn_gradient_color_2=\"blue\"  btn_custom_background=\"#ededed\"  btn_custom_text=\"#666\"  btn_outline_custom_color=\"#666\"  btn_outline_custom_hover_background=\"#666\"  btn_outline_custom_hover_text=\"#fff\"  btn_color=\"skincolor\"  btn_size=\"md\"  btn_custom_onclick=\"true\"  add_icon=\"top\"  hover=\"none\"  icon_type=\"icon\"  i_type=\"fontawesome\"  i_icon_fontawesome=\"fa fa-question-circle-o\"  i_icon_openiconic=\"vc-oi vc-oi-dial\"  i_icon_typicons=\"typcn typcn-adjust-brightness\"  i_icon_entypo=\"entypo-icon entypo-icon-note\"  i_icon_linecons=\"vc_li vc_li-heart\"  i_color=\"skincolor\"  i_background_style=\"none\"  i_background_color=\"grey\"  i_size=\"xl\"  btn_align=\"center\"  i_css_animation=\"\" css_animation=\"\"][\/vc_cta]<\/div>[\/vc_column_inner][\/vc_row_inner][\/vc_column][\/vc_row]<\/p>","protected":false},"excerpt":{"rendered":"<p>[vc_row css=&#8221;.vc_custom_1475480171824{padding-bottom: 50px !important;}&#8221;][vc_column][vc_row_inner][vc_column_inner width=&#8221;1\/3&#8243;][\/vc_column_inner][vc_column_inner width=&#8221;1\/3&#8243;][\/vc_column_inner][vc_column_inner width=&#8221;1\/3&#8243;][\/vc_column_inner][\/vc_row_inner][\/vc_column][\/vc_row]<\/p>\n","protected":false},"author":5,"featured_media":0,"parent":0,"menu_order":0,"comment_status":"closed","ping_status":"closed","template":"","meta":[],"_links":{"self":[{"href":"https:\/\/www.hotech360.com\/tr\/wp-json\/wp\/v2\/pages\/4495"}],"collection":[{"href":"https:\/\/www.hotech360.com\/tr\/wp-json\/wp\/v2\/pages"}],"about":[{"href":"https:\/\/www.hotech360.com\/tr\/wp-json\/wp\/v2\/types\/page"}],"author":[{"embeddable":true,"href":"https:\/\/www.hotech360.com\/tr\/wp-json\/wp\/v2\/users\/5"}],"replies":[{"embeddable":true,"href":"https:\/\/www.hotech360.com\/tr\/wp-json\/wp\/v2\/comments?post=4495"}],"version-history":[{"count":6,"href":"https:\/\/www.hotech360.com\/tr\/wp-json\/wp\/v2\/pages\/4495\/revisions"}],"predecessor-version":[{"id":4806,"href":"https:\/\/www.hotech360.com\/tr\/wp-json\/wp\/v2\/pages\/4495\/revisions\/4806"}],"wp:attachment":[{"href":"https:\/\/www.hotech360.com\/tr\/wp-json\/wp\/v2\/media?parent=4495"}],"curies":[{"name":"wp","href":"https:\/\/api.w.org\/{rel}","templated":true}]}}