{"id":4786,"date":"2026-01-13T11:29:47","date_gmt":"2026-01-13T11:29:47","guid":{"rendered":"https:\/\/www.hotech360.com\/?page_id=4786"},"modified":"2026-01-13T12:26:10","modified_gmt":"2026-01-13T12:26:10","slug":"concept-and-feasibility-study","status":"publish","type":"page","link":"https:\/\/www.hotech360.com\/tr\/concept-and-feasibility-study\/","title":{"rendered":"Konsept ve Fizibilite \u00c7al\u0131\u015fmas\u0131"},"content":{"rendered":"<p>[vc_row][vc_column][vc_custom_heading text=&#8221;Konsept ve Fizibilite \u00c7al\u0131\u015fmas\u0131&#8221;][\/vc_column][\/vc_row][vc_row][vc_column][vc_column_text]<a href=\"https:\/\/www.hotech360.com\/wp-content\/uploads\/2026\/01\/WhatsApp-Image-2026-01-13-at-15.22.05.jpeg\"><img decoding=\"async\" loading=\"lazy\" class=\"alignnone size-medium wp-image-4807\" src=\"https:\/\/www.hotech360.com\/wp-content\/uploads\/2026\/01\/WhatsApp-Image-2026-01-13-at-15.22.05-300x175.jpeg\" alt=\"\" width=\"300\" height=\"175\" srcset=\"https:\/\/www.hotech360.com\/wp-content\/uploads\/2026\/01\/WhatsApp-Image-2026-01-13-at-15.22.05-300x175.jpeg 300w, https:\/\/www.hotech360.com\/wp-content\/uploads\/2026\/01\/WhatsApp-Image-2026-01-13-at-15.22.05-1024x597.jpeg 1024w, https:\/\/www.hotech360.com\/wp-content\/uploads\/2026\/01\/WhatsApp-Image-2026-01-13-at-15.22.05-768x448.jpeg 768w, https:\/\/www.hotech360.com\/wp-content\/uploads\/2026\/01\/WhatsApp-Image-2026-01-13-at-15.22.05.jpeg 1536w\" sizes=\"(max-width: 300px) 100vw, 300px\" \/><\/a><\/p>\n<p>Fizibilite \u00e7al\u0131\u015fmalar\u0131; b\u00f6lge, sekt\u00f6r ve rakiplerle ilgili detayl\u0131 ara\u015ft\u0131rmalar \u0131\u015f\u0131\u011f\u0131nda haz\u0131rlan\u0131r. Kamu kurulu\u015flar\u0131ndan ve \u00f6zel sekt\u00f6rden elde edilen bilgiler de\u011ferlendirilir, pazar \u015fartlar\u0131 dikkatlice incelenir ve bu bilgiler \u0131\u015f\u0131\u011f\u0131nda, ilgili projenin en iyi kullan\u0131m\u0131na y\u00f6nelik konsept \u00e7al\u0131\u015fmas\u0131 haz\u0131rlan\u0131r. Konsept \u00e7al\u0131\u015fmas\u0131 projenin fiziksel \u00f6zelliklerini, alan program\u0131n\u0131 ve rakiplerinden ne \u015fekilde ayr\u0131\u015fmas\u0131 gerekti\u011fini i\u00e7erir. (SWOT Analizi)<\/p>\n<ul>\n<li>Genel Pazar De\u011ferlendirmesi<\/li>\n<li>Sekt\u00f6rel De\u011ferlendirme ve Rakip Analizi<\/li>\n<li>Arz &amp; Talep De\u011ferlendirilmesi<\/li>\n<li>Market Analizi &amp; Konsept \u00d6nerisi<\/li>\n<li>SWOT Analiz detaylar\u0131<\/li>\n<li>Fiyatland\u0131rma Stratejisi<\/li>\n<li>Finansal De\u011ferlendirme<\/li>\n<\/ul>\n<p>[\/vc_column_text][\/vc_column][\/vc_row]<\/p>","protected":false},"excerpt":{"rendered":"<p>[vc_row][vc_column][vc_custom_heading text=&#8221;Konsept ve Fizibilite \u00c7al\u0131\u015fmas\u0131&#8221;][\/vc_column][\/vc_row][vc_row][vc_column][vc_column_text] Fizibilite \u00e7al\u0131\u015fmalar\u0131; b\u00f6lge, sekt\u00f6r ve rakiplerle ilgili detayl\u0131 ara\u015ft\u0131rmalar \u0131\u015f\u0131\u011f\u0131nda haz\u0131rlan\u0131r. Kamu kurulu\u015flar\u0131ndan ve \u00f6zel sekt\u00f6rden elde edilen bilgiler de\u011ferlendirilir, pazar \u015fartlar\u0131 dikkatlice incelenir ve bu bilgiler \u0131\u015f\u0131\u011f\u0131nda, ilgili projenin en iyi kullan\u0131m\u0131na y\u00f6nelik konsept \u00e7al\u0131\u015fmas\u0131 haz\u0131rlan\u0131r. Konsept \u00e7al\u0131\u015fmas\u0131 projenin fiziksel \u00f6zelliklerini, alan program\u0131n\u0131 ve rakiplerinden ne \u015fekilde ayr\u0131\u015fmas\u0131 gerekti\u011fini [&hellip;]<\/p>\n","protected":false},"author":5,"featured_media":0,"parent":0,"menu_order":0,"comment_status":"closed","ping_status":"closed","template":"","meta":[],"_links":{"self":[{"href":"https:\/\/www.hotech360.com\/tr\/wp-json\/wp\/v2\/pages\/4786"}],"collection":[{"href":"https:\/\/www.hotech360.com\/tr\/wp-json\/wp\/v2\/pages"}],"about":[{"href":"https:\/\/www.hotech360.com\/tr\/wp-json\/wp\/v2\/types\/page"}],"author":[{"embeddable":true,"href":"https:\/\/www.hotech360.com\/tr\/wp-json\/wp\/v2\/users\/5"}],"replies":[{"embeddable":true,"href":"https:\/\/www.hotech360.com\/tr\/wp-json\/wp\/v2\/comments?post=4786"}],"version-history":[{"count":5,"href":"https:\/\/www.hotech360.com\/tr\/wp-json\/wp\/v2\/pages\/4786\/revisions"}],"predecessor-version":[{"id":4809,"href":"https:\/\/www.hotech360.com\/tr\/wp-json\/wp\/v2\/pages\/4786\/revisions\/4809"}],"wp:attachment":[{"href":"https:\/\/www.hotech360.com\/tr\/wp-json\/wp\/v2\/media?parent=4786"}],"curies":[{"name":"wp","href":"https:\/\/api.w.org\/{rel}","templated":true}]}}