{"id":4790,"date":"2026-01-13T11:35:20","date_gmt":"2026-01-13T11:35:20","guid":{"rendered":"https:\/\/www.hotech360.com\/?page_id=4790"},"modified":"2026-01-13T12:27:19","modified_gmt":"2026-01-13T12:27:19","slug":"hotel-branding-rebranding-consultancy","status":"publish","type":"page","link":"https:\/\/www.hotech360.com\/tr\/hotel-branding-rebranding-consultancy\/","title":{"rendered":"Otel Marka \u2013 Rebranding Dan\u0131\u015fmanl\u0131\u011f\u0131"},"content":{"rendered":"<p>[vc_row][vc_column][vc_custom_heading text=&#8221;Otel Marka \u2013 Rebranding Dan\u0131\u015fmanl\u0131\u011f\u0131 &#8220;][\/vc_column][\/vc_row][vc_row][vc_column][vc_column_text]<a href=\"https:\/\/www.hotech360.com\/wp-content\/uploads\/2026\/01\/WhatsApp-Image-2026-01-13-at-15.22.06.jpeg\"><img decoding=\"async\" loading=\"lazy\" class=\"alignnone size-medium wp-image-4811\" src=\"https:\/\/www.hotech360.com\/wp-content\/uploads\/2026\/01\/WhatsApp-Image-2026-01-13-at-15.22.06-300x168.jpeg\" alt=\"\" width=\"300\" height=\"168\" srcset=\"https:\/\/www.hotech360.com\/wp-content\/uploads\/2026\/01\/WhatsApp-Image-2026-01-13-at-15.22.06-300x168.jpeg 300w, https:\/\/www.hotech360.com\/wp-content\/uploads\/2026\/01\/WhatsApp-Image-2026-01-13-at-15.22.06-1024x574.jpeg 1024w, https:\/\/www.hotech360.com\/wp-content\/uploads\/2026\/01\/WhatsApp-Image-2026-01-13-at-15.22.06-768x430.jpeg 768w, https:\/\/www.hotech360.com\/wp-content\/uploads\/2026\/01\/WhatsApp-Image-2026-01-13-at-15.22.06-727x409.jpeg 727w, https:\/\/www.hotech360.com\/wp-content\/uploads\/2026\/01\/WhatsApp-Image-2026-01-13-at-15.22.06.jpeg 1089w\" sizes=\"(max-width: 300px) 100vw, 300px\" \/><\/a><\/p>\n<p>Projenin bulundu\u011fu b\u00f6lge \u015fartlar\u0131 ve b\u00f6lgedeki otel yat\u0131r\u0131mlar\u0131na g\u00f6re yat\u0131r\u0131mc\u0131 \u00f6ng\u00fcr\u00fcs\u00fcn\u00fcde dikkate alarak mevcut fizibilite \u00e7al\u0131\u015fmas\u0131 kapsam\u0131nda, yat\u0131r\u0131mc\u0131n\u0131n projeye en uygun operat\u00f6r\u00fc se\u00e7ebilmesine imkan tan\u0131yacak \u00e7al\u0131\u015fmalar\u0131 ve analizleri sunar. \u0130lerleyen s\u00fcre\u00e7te, hotel marka ve alt markalar ile m\u00fczakereleri y\u00fcr\u00fctererek; yat\u0131r\u0131mc\u0131ya, iyi niyet mektubunu ve otel y\u00f6netim veya isim hakk\u0131 s\u00f6zle\u015fmesini olas\u0131 en uygun \u015fartlarla imzalamas\u0131 konusunda destek verir.<\/p>\n<ul>\n<li>Otel marka aray\u0131\u015f\u0131 (Alternatiflerin analizi ve k\u0131sa liste olu\u015fturma)<\/li>\n<li>Ticari \u015fartlar\u0131n belirlenmesi i\u00e7in m\u00fczakere s\u00fcrecinin y\u00f6netimi (\u0130yi Niyet Mektubu)<\/li>\n<li>Nihai \u015fartlar\u0131n belirlenmesi (Yat\u0131r\u0131mc\u0131n\u0131n Hukuk Dan\u0131\u015fman\u0131 ile birlikte Otel Y\u00f6netim S\u00f6zle\u015fmesinin m\u00fczakeresi ve ba\u015far\u0131 ile imzalanmas\u0131.)<\/li>\n<\/ul>\n<p>[\/vc_column_text][\/vc_column][\/vc_row]<\/p>","protected":false},"excerpt":{"rendered":"<p>[vc_row][vc_column][vc_custom_heading text=&#8221;Otel Marka \u2013 Rebranding Dan\u0131\u015fmanl\u0131\u011f\u0131 &#8220;][\/vc_column][\/vc_row][vc_row][vc_column][vc_column_text] Projenin bulundu\u011fu b\u00f6lge \u015fartlar\u0131 ve b\u00f6lgedeki otel yat\u0131r\u0131mlar\u0131na g\u00f6re yat\u0131r\u0131mc\u0131 \u00f6ng\u00fcr\u00fcs\u00fcn\u00fcde dikkate alarak mevcut fizibilite \u00e7al\u0131\u015fmas\u0131 kapsam\u0131nda, yat\u0131r\u0131mc\u0131n\u0131n projeye en uygun operat\u00f6r\u00fc se\u00e7ebilmesine imkan tan\u0131yacak \u00e7al\u0131\u015fmalar\u0131 ve analizleri sunar. \u0130lerleyen s\u00fcre\u00e7te, hotel marka ve alt markalar ile m\u00fczakereleri y\u00fcr\u00fctererek; yat\u0131r\u0131mc\u0131ya, iyi niyet mektubunu ve otel y\u00f6netim veya isim [&hellip;]<\/p>\n","protected":false},"author":5,"featured_media":0,"parent":0,"menu_order":0,"comment_status":"closed","ping_status":"closed","template":"","meta":[],"_links":{"self":[{"href":"https:\/\/www.hotech360.com\/tr\/wp-json\/wp\/v2\/pages\/4790"}],"collection":[{"href":"https:\/\/www.hotech360.com\/tr\/wp-json\/wp\/v2\/pages"}],"about":[{"href":"https:\/\/www.hotech360.com\/tr\/wp-json\/wp\/v2\/types\/page"}],"author":[{"embeddable":true,"href":"https:\/\/www.hotech360.com\/tr\/wp-json\/wp\/v2\/users\/5"}],"replies":[{"embeddable":true,"href":"https:\/\/www.hotech360.com\/tr\/wp-json\/wp\/v2\/comments?post=4790"}],"version-history":[{"count":3,"href":"https:\/\/www.hotech360.com\/tr\/wp-json\/wp\/v2\/pages\/4790\/revisions"}],"predecessor-version":[{"id":4813,"href":"https:\/\/www.hotech360.com\/tr\/wp-json\/wp\/v2\/pages\/4790\/revisions\/4813"}],"wp:attachment":[{"href":"https:\/\/www.hotech360.com\/tr\/wp-json\/wp\/v2\/media?parent=4790"}],"curies":[{"name":"wp","href":"https:\/\/api.w.org\/{rel}","templated":true}]}}