{"id":4793,"date":"2026-01-13T11:39:40","date_gmt":"2026-01-13T11:39:40","guid":{"rendered":"https:\/\/www.hotech360.com\/?page_id=4793"},"modified":"2026-01-13T12:28:25","modified_gmt":"2026-01-13T12:28:25","slug":"project-management","status":"publish","type":"page","link":"https:\/\/www.hotech360.com\/tr\/project-management\/","title":{"rendered":"Proje Y\u00f6netimi"},"content":{"rendered":"<p>[vc_row][vc_column][vc_custom_heading text=&#8221;Proje Y\u00f6netimi &#8220;][\/vc_column][\/vc_row][vc_row][vc_column][vc_column_text]<a href=\"https:\/\/www.hotech360.com\/wp-content\/uploads\/2026\/01\/WhatsApp-Image-2026-01-13-at-15.22.06-1.jpeg\"><img decoding=\"async\" loading=\"lazy\" class=\"alignnone size-medium wp-image-4812\" src=\"https:\/\/www.hotech360.com\/wp-content\/uploads\/2026\/01\/WhatsApp-Image-2026-01-13-at-15.22.06-1-300x177.jpeg\" alt=\"\" width=\"300\" height=\"177\" srcset=\"https:\/\/www.hotech360.com\/wp-content\/uploads\/2026\/01\/WhatsApp-Image-2026-01-13-at-15.22.06-1-300x177.jpeg 300w, https:\/\/www.hotech360.com\/wp-content\/uploads\/2026\/01\/WhatsApp-Image-2026-01-13-at-15.22.06-1-1024x604.jpeg 1024w, https:\/\/www.hotech360.com\/wp-content\/uploads\/2026\/01\/WhatsApp-Image-2026-01-13-at-15.22.06-1-768x453.jpeg 768w, https:\/\/www.hotech360.com\/wp-content\/uploads\/2026\/01\/WhatsApp-Image-2026-01-13-at-15.22.06-1.jpeg 1229w\" sizes=\"(max-width: 300px) 100vw, 300px\" \/><\/a><\/p>\n<p>a- Yat\u0131r\u0131mc\u0131n\u0131n proje ekibine \u00a0(mimari, i\u00e7 mimari, tasar\u0131m ve m\u00fchendislik ekipleri), belirlenen konsept ile uyumlu ve operasyonel verimlili\u011fe destek olacak planlamay\u0131 yapmalar\u0131 i\u00e7in rehberlik etmek ve\/veya Proje deste\u011fi sa\u011flamak<\/p>\n<p>b- Mobilya, sabit k\u0131ymet ve ekipmanlar ile operasyon malzemeleri konusunda spesifikasyonlar\u0131 belirler, listeleri haz\u0131rlamak i\u00e7 mimari destek.<\/p>\n<p>c- Projenin, markan\u0131n\/operat\u00f6r\u00fcn tasar\u0131m kriterlerine uygun olarak geli\u015ftirildi\u011finden emin olmak<\/p>\n<p>Proje y\u00f6netim s\u00fcrecine en \u00f6nemli katk\u0131m\u0131z, uluslararas\u0131 otel operasyonlar\u0131ndaki tecr\u00fcbesini planlama s\u00fcrecine katarak; projenin otelin operasyonel verimlili\u011fini sa\u011flayacak \u015fekilde uluslararas\u0131 standartta geli\u015ftirilmesini sa\u011flamaktat\u0131r..<\/p>\n<p>Proje Y\u00f6netimi ile ilgili hizmetlerimiz:<\/p>\n<ul>\n<li>Tasar\u0131m Y\u00f6nlendirmesi ve\/veya tasar\u0131m manuallar\u0131n\u0131n haz\u0131rlanmas\u0131<\/li>\n<li>Yat\u0131r\u0131mc\u0131ya mimarl\u0131k firmas\u0131n\u0131, i\u00e7 mimari grubu ve proje dan\u0131\u015fmanlar\u0131n\u0131 belirlemede destek vermek<\/li>\n<li>Otel y\u00f6netim \u015firketi, proje ekibi, mimari grup, i\u00e7 mimari grubu ve dan\u0131\u015fmanlar aras\u0131ndaki koordinasyonu sa\u011flamak<\/li>\n<li>Mekanik, elektrik ve tesisat altyap\u0131s\u0131n\u0131n operasyonel a\u00e7\u0131dan de\u011ferlendirilmesi<\/li>\n<li>Yang\u0131n, Mal ve Can G\u00fcveni\u011fi de\u011ferlendirmesi<\/li>\n<li>Bilgi Teknolojileri Y\u00f6netimi zayif ak\u0131m projelenin y\u00f6netilmesi.<\/li>\n<li>Otelde kullan\u0131lma\u0131 gerekli sabit k\u0131ymet ve ekipmanlar\u0131n y\u00f6netim dan\u0131\u015fmanl\u0131\u011f\u0131n\u0131 vermek<\/li>\n<li>Operasyonel malzeme ve ekipman listesinin haz\u0131rlanmas\u0131<\/li>\n<li>Yat\u0131r\u0131mc\u0131n\u0131n sat\u0131n alma ekibine maliyet y\u00f6netimi konusunda destek vermek.<\/li>\n<\/ul>\n<p>[\/vc_column_text][\/vc_column][\/vc_row]<\/p>","protected":false},"excerpt":{"rendered":"<p>[vc_row][vc_column][vc_custom_heading text=&#8221;Proje Y\u00f6netimi &#8220;][\/vc_column][\/vc_row][vc_row][vc_column][vc_column_text] a- Yat\u0131r\u0131mc\u0131n\u0131n proje ekibine \u00a0(mimari, i\u00e7 mimari, tasar\u0131m ve m\u00fchendislik ekipleri), belirlenen konsept ile uyumlu ve operasyonel verimlili\u011fe destek olacak planlamay\u0131 yapmalar\u0131 i\u00e7in rehberlik etmek ve\/veya Proje deste\u011fi sa\u011flamak b- Mobilya, sabit k\u0131ymet ve ekipmanlar ile operasyon malzemeleri konusunda spesifikasyonlar\u0131 belirler, listeleri haz\u0131rlamak i\u00e7 mimari destek. c- Projenin, markan\u0131n\/operat\u00f6r\u00fcn tasar\u0131m kriterlerine [&hellip;]<\/p>\n","protected":false},"author":5,"featured_media":0,"parent":0,"menu_order":0,"comment_status":"closed","ping_status":"closed","template":"","meta":[],"_links":{"self":[{"href":"https:\/\/www.hotech360.com\/tr\/wp-json\/wp\/v2\/pages\/4793"}],"collection":[{"href":"https:\/\/www.hotech360.com\/tr\/wp-json\/wp\/v2\/pages"}],"about":[{"href":"https:\/\/www.hotech360.com\/tr\/wp-json\/wp\/v2\/types\/page"}],"author":[{"embeddable":true,"href":"https:\/\/www.hotech360.com\/tr\/wp-json\/wp\/v2\/users\/5"}],"replies":[{"embeddable":true,"href":"https:\/\/www.hotech360.com\/tr\/wp-json\/wp\/v2\/comments?post=4793"}],"version-history":[{"count":2,"href":"https:\/\/www.hotech360.com\/tr\/wp-json\/wp\/v2\/pages\/4793\/revisions"}],"predecessor-version":[{"id":4814,"href":"https:\/\/www.hotech360.com\/tr\/wp-json\/wp\/v2\/pages\/4793\/revisions\/4814"}],"wp:attachment":[{"href":"https:\/\/www.hotech360.com\/tr\/wp-json\/wp\/v2\/media?parent=4793"}],"curies":[{"name":"wp","href":"https:\/\/api.w.org\/{rel}","templated":true}]}}